{"id":168,"date":"2025-02-20T15:10:44","date_gmt":"2025-02-20T14:10:44","guid":{"rendered":"https:\/\/flexifinanz.com\/?page_id=168"},"modified":"2025-02-25T18:44:14","modified_gmt":"2025-02-25T17:44:14","slug":"finanzen-landwirtschaft-und-lebensmittel","status":"publish","type":"page","link":"https:\/\/flexifinanz.com\/de\/strategische-finanzierung\/finanzen-landwirtschaft-und-lebensmittel\/","title":{"rendered":"Finanzierung der Landwirtschaft und der Lebensmittelproduktion: Ein wachsender Markt"},"content":{"rendered":"<div data-elementor-type=\"wp-page\" data-elementor-id=\"168\" class=\"elementor elementor-168\" data-elementor-settings=\"{&quot;element_pack_global_tooltip_width&quot;:{&quot;unit&quot;:&quot;px&quot;,&quot;size&quot;:&quot;&quot;,&quot;sizes&quot;:[]},&quot;element_pack_global_tooltip_width_tablet&quot;:{&quot;unit&quot;:&quot;px&quot;,&quot;size&quot;:&quot;&quot;,&quot;sizes&quot;:[]},&quot;element_pack_global_tooltip_width_mobile&quot;:{&quot;unit&quot;:&quot;px&quot;,&quot;size&quot;:&quot;&quot;,&quot;sizes&quot;:[]},&quot;element_pack_global_tooltip_padding&quot;:{&quot;unit&quot;:&quot;px&quot;,&quot;top&quot;:&quot;&quot;,&quot;right&quot;:&quot;&quot;,&quot;bottom&quot;:&quot;&quot;,&quot;left&quot;:&quot;&quot;,&quot;isLinked&quot;:true},&quot;element_pack_global_tooltip_padding_tablet&quot;:{&quot;unit&quot;:&quot;px&quot;,&quot;top&quot;:&quot;&quot;,&quot;right&quot;:&quot;&quot;,&quot;bottom&quot;:&quot;&quot;,&quot;left&quot;:&quot;&quot;,&quot;isLinked&quot;:true},&quot;element_pack_global_tooltip_padding_mobile&quot;:{&quot;unit&quot;:&quot;px&quot;,&quot;top&quot;:&quot;&quot;,&quot;right&quot;:&quot;&quot;,&quot;bottom&quot;:&quot;&quot;,&quot;left&quot;:&quot;&quot;,&quot;isLinked&quot;:true},&quot;element_pack_global_tooltip_border_radius&quot;:{&quot;unit&quot;:&quot;px&quot;,&quot;top&quot;:&quot;&quot;,&quot;right&quot;:&quot;&quot;,&quot;bottom&quot;:&quot;&quot;,&quot;left&quot;:&quot;&quot;,&quot;isLinked&quot;:true},&quot;element_pack_global_tooltip_border_radius_tablet&quot;:{&quot;unit&quot;:&quot;px&quot;,&quot;top&quot;:&quot;&quot;,&quot;right&quot;:&quot;&quot;,&quot;bottom&quot;:&quot;&quot;,&quot;left&quot;:&quot;&quot;,&quot;isLinked&quot;:true},&quot;element_pack_global_tooltip_border_radius_mobile&quot;:{&quot;unit&quot;:&quot;px&quot;,&quot;top&quot;:&quot;&quot;,&quot;right&quot;:&quot;&quot;,&quot;bottom&quot;:&quot;&quot;,&quot;left&quot;:&quot;&quot;,&quot;isLinked&quot;:true}}\" data-elementor-post-type=\"page\">\n\t\t\t\t<div class=\"elementor-element elementor-element-73a98c8 e-flex e-con-boxed e-con e-parent\" data-id=\"73a98c8\" data-element_type=\"container\" data-settings=\"{&quot;background_background&quot;:&quot;classic&quot;}\">\n\t\t\t\t\t<div class=\"e-con-inner\">\n\t\t\t\t<div class=\"elementor-element elementor-element-76a27e66 elementor-widget elementor-widget-text-editor\" data-id=\"76a27e66\" data-element_type=\"widget\" data-widget_type=\"text-editor.default\">\n\t\t\t\t<div class=\"elementor-widget-container\">\n\t\t\t\t\t\t\t\t\t<h2 data-pm-slice=\"1 3 []\">Warum Projekte im Agrar- und Ern\u00e4hrungsbereich finanzieren?<\/h2><p>Die Landwirtschaft und die Agrarlebensmittelindustrie spielen in der Weltwirtschaft eine entscheidende Rolle: Sie decken den steigenden Bedarf an Nahrungsmitteln und entwickeln zugleich nachhaltige L\u00f6sungen f\u00fcr \u00f6kologische Probleme. Dank des technologischen Fortschritts, der Zunahme des \u00f6kologischen Landbaus und der Entstehung neuer Proteinquellen erfordert dieser Sektor <strong>Angepasste Finanzierung<\/strong> um dessen Expansion und Effizienz zu unterst\u00fctzen.<\/p><p>Angesichts der wachsenden Weltbev\u00f6lkerung und der Notwendigkeit einer nachhaltigeren Nahrungsmittelproduktion sind diese Finanzierungen von strategischer Bedeutung und bergen ein hohes Rentabilit\u00e4tspotenzial.<\/p><h2>Unsere Finanzierungsl\u00f6sungen im Agrar- und Lebensmittelsektor<\/h2><h3>1. Finanzierung innovativer Agrar- und Lebensmittel<\/h3><p>Der Agrar- und Lebensmittelsektor entwickelt sich dank neuer Technologien und Innovationen in Produktion und Vertrieb weiter.<\/p><p><strong>Unsere Finanzierungsangebote:<\/strong><\/p><ul data-spread=\"false\"><li><p>Unterst\u00fctzung f\u00fcr Unternehmen, die L\u00f6sungen zur Lebensmittelr\u00fcckverfolgbarkeit entwickeln<\/p><\/li><li><p>Finanzierung von Innovationen in der Lebensmittelverarbeitung und -konservierung<\/p><\/li><li><p>Unterst\u00fctzung f\u00fcr Startups, die sich auf Nahrungsmittelersatz und funktionelle Lebensmittel spezialisieren<\/p><\/li><\/ul><h3>2. Finanzierung von Bioprodukten und Kurzschl\u00fcssen<\/h3><p>Aufgrund der Suche nach ges\u00fcnderen und nachhaltigeren Ern\u00e4hrungsweisen steigt die Nachfrage nach Bio- und regionalen Lebensmitteln weiterhin an.<\/p><p><strong>Unsere Finanzierungsangebote:<\/strong><\/p><ul data-spread=\"false\"><li><p>Unterst\u00fctzung f\u00fcr Biobauernh\u00f6fe<\/p><\/li><li><p>Finanzierung von Kurzschlussverteilplattformen<\/p><\/li><li><p>Unterst\u00fctzung f\u00fcr Bio-Labels und -Zertifizierungen<\/p><\/li><\/ul><h3>3. Finanzierung intelligenter und urbaner Landwirtschaft<\/h3><p>Moderne Agrartechnologien steigern die Produktivit\u00e4t und verringern die Umweltbelastung. F\u00fcr ihre Entwicklung sind entsprechende Investitionen erforderlich.<\/p><p><strong>Unsere Finanzierungsangebote:<\/strong><\/p><ul data-spread=\"false\"><li><p>Unterst\u00fctzung f\u00fcr vernetzte und automatisierte landwirtschaftliche Betriebe<\/p><\/li><li><p>Finanzierung intelligenter Bew\u00e4sserungssysteme und Ressourcenmanagement<\/p><\/li><li><p>Unterst\u00fctzung f\u00fcr urbane Farm- und Hydrokulturprojekte<\/p><\/li><\/ul><h3>4. Finanzierung nachhaltiger Viehzucht<\/h3><p>Durch neue Regelungen und ein steigendes Umweltbewusstsein entwickelt sich die nachhaltige Viehwirtschaft zu einem zentralen Segment der Landwirtschaft.<\/p><p><strong>Unsere Finanzierungsangebote:<\/strong><\/p><ul data-spread=\"false\"><li><p>Unterst\u00fctzung tierwohlorientierter Betriebe<\/p><\/li><li><p>Finanzierung von Projekten zur Produktion von Viehfutter mit geringem \u00f6kologischen Fu\u00dfabdruck<\/p><\/li><li><p>Unterst\u00fctzung alternativer L\u00f6sungen zur intensiven Landwirtschaft<\/p><\/li><\/ul><h3>5. Finanzierung von Nahrungsmittelersatzprodukten<\/h3><p>Neue Proteinquellen (Pflanzen, Insekten, Zellkulturen) sind auf dem Vormarsch und stellen einen Markt dar, der einer strategischen Finanzierung bedarf.<\/p><p><strong>Unsere Finanzierungsangebote:<\/strong><\/p><ul data-spread=\"false\"><li><p>Unterst\u00fctzung f\u00fcr Startups, die pflanzliche Proteine \u200b\u200bentwickeln<\/p><\/li><li><p>Finanzierung der Produktion von Insekten f\u00fcr menschliche und tierische Nahrungsmittel<\/p><\/li><li><p>Unterst\u00fctzung von Kulturfleischprojekten und Alternativen zu tierischen Proteinen<\/p><\/li><\/ul><h3>6. Finanzierung von Craft-Weinen und Spirituosen<\/h3><p>Der Markt f\u00fcr Premiumweine und -spirituosen w\u00e4chst weiterhin und zieht Unternehmer an, die nach Premiumprodukten und handwerklichem Know-how suchen.<\/p><p><strong>Unsere Finanzierungsangebote:<\/strong><\/p><ul data-spread=\"false\"><li><p>Unterst\u00fctzung au\u00dfergew\u00f6hnlicher Weing\u00fcter und Kellereien<\/p><\/li><li><p>Finanzierung von Handwerksbrennereien und innovativen Spirituosen<\/p><\/li><li><p>Unterst\u00fctzung beim Export und Vertrieb exklusiver Produkte<\/p><\/li><\/ul>\t\t\t\t\t\t\t\t<\/div>\n\t\t\t\t<\/div>\n\t\t\t\t\t<\/div>\n\t\t\t\t<\/div>\n\t\t<div class=\"elementor-element elementor-element-4a6ac08c e-flex e-con-boxed elementor-invisible e-con e-parent\" data-id=\"4a6ac08c\" data-element_type=\"container\" data-settings=\"{&quot;background_background&quot;:&quot;classic&quot;,&quot;animation&quot;:&quot;fadeInUp&quot;}\">\n\t\t\t\t\t<div class=\"e-con-inner\">\n\t\t\t\t<div class=\"elementor-element elementor-element-4615266c elementor-widget elementor-widget-text-editor\" data-id=\"4615266c\" data-element_type=\"widget\" data-widget_type=\"text-editor.default\">\n\t\t\t\t<div class=\"elementor-widget-container\">\n\t\t\t\t\t\t\t\t\t<h2 data-pm-slice=\"1 3 []\">Sicherheit und Flexibilit\u00e4t unserer Finanzierung<\/h2><p>Die Landwirtschaft und der Agrarlebensmittelsektor ben\u00f6tigen eine Finanzierung, die an ihre Produktionszyklen und \u00f6kologischen Herausforderungen angepasst ist.<\/p><h3><strong>Zur Verf\u00fcgung stehende Finanzierungsarten:<\/strong><\/h3><p>\u2705 <strong>Kredite f\u00fcr die Entwicklung landwirtschaftlicher Betriebe<\/strong> \u2705 <strong>Finanzierung innovativer Projekte im Agrar- und Lebensmittelsektor<\/strong> \u2705 <strong>Strategische Unterst\u00fctzung und Optimierung landwirtschaftlicher Infrastrukturen<\/strong><\/p><h3><strong>Durchschnittliche Rentabilit\u00e4t der finanzierten Projekte:<\/strong><\/h3><ul data-spread=\"false\"><li><p><strong>Agrar- und Lebensmittelindustrie:<\/strong> 5-10% pro Jahr<\/p><\/li><li><p><strong>Intelligente Landwirtschaft:<\/strong> 7-15% pro Jahr<\/p><\/li><li><p><strong>Lebensmittelersatz:<\/strong> 10-20% pro Jahr<\/p><\/li><\/ul>\t\t\t\t\t\t\t\t<\/div>\n\t\t\t\t<\/div>\n\t\t\t\t\t<\/div>\n\t\t\t\t<\/div>\n\t\t<div class=\"elementor-element elementor-element-314e6a8a e-flex e-con-boxed elementor-invisible e-con e-parent\" data-id=\"314e6a8a\" data-element_type=\"container\" data-settings=\"{&quot;background_background&quot;:&quot;classic&quot;,&quot;animation&quot;:&quot;fadeInUp&quot;}\">\n\t\t\t\t\t<div class=\"e-con-inner\">\n\t\t\t\t<div class=\"elementor-element elementor-element-1d5787c elementor-widget elementor-widget-text-editor\" data-id=\"1d5787c\" data-element_type=\"widget\" data-widget_type=\"text-editor.default\">\n\t\t\t\t<div class=\"elementor-widget-container\">\n\t\t\t\t\t\t\t\t\t<h2 data-pm-slice=\"1 1 []\"><span style=\"color: #ffffff;\">Wer kann von unserer Finanzierung profitieren?<\/span><\/h2><h3><span style=\"color: #ffffff;\"><strong>Landwirte und landwirtschaftliche Betriebe<\/strong><\/span><\/h3><ul data-spread=\"false\"><li><p><span style=\"color: #ffffff;\">Finanzierungen f\u00fcr den Erwerb landwirtschaftlicher Fl\u00e4chen und Infrastruktur<\/span><\/p><\/li><li><p><span style=\"color: #ffffff;\">Unterst\u00fctzung f\u00fcr Genossenschaften und Bauernh\u00f6fe<\/span><\/p><\/li><li><p><span style=\"color: #ffffff;\">Unterst\u00fctzung bei der Modernisierung von Produktionsmitteln<\/span><\/p><\/li><\/ul><h3><span style=\"color: #ffffff;\"><strong>Startups und Innovatoren<\/strong><\/span><\/h3><ul data-spread=\"false\"><li><p><span style=\"color: #ffffff;\">Finanzierung neuer Agrartechnologien<\/span><\/p><\/li><li><p><span style=\"color: #ffffff;\">Unterst\u00fctzung biotechnologischer L\u00f6sungen f\u00fcr die Landwirtschaft<\/span><\/p><\/li><li><p><span style=\"color: #ffffff;\">Unterst\u00fctzung neuer nachhaltiger Lebensmittelmodelle<\/span><\/p><\/li><\/ul>\t\t\t\t\t\t\t\t<\/div>\n\t\t\t\t<\/div>\n\t\t\t\t\t<\/div>\n\t\t\t\t<\/div>\n\t\t<div class=\"elementor-element elementor-element-7043578f e-flex e-con-boxed elementor-invisible e-con e-parent\" data-id=\"7043578f\" data-element_type=\"container\" data-settings=\"{&quot;background_background&quot;:&quot;classic&quot;,&quot;animation&quot;:&quot;fadeInUp&quot;}\">\n\t\t\t\t\t<div class=\"e-con-inner\">\n\t\t\t\t<div class=\"elementor-element elementor-element-3a3824d7 elementor-widget elementor-widget-text-editor\" data-id=\"3a3824d7\" data-element_type=\"widget\" data-widget_type=\"text-editor.default\">\n\t\t\t\t<div class=\"elementor-widget-container\">\n\t\t\t\t\t\t\t\t\t<h2 data-pm-slice=\"1 1 []\">Warum sollten Sie Ihr Projekt bei uns finanzieren?<\/h2><p>Unsere Expertise erm\u00f6glicht es uns, die <strong>beste Finanzierungsm\u00f6glichkeiten<\/strong> in der Landwirtschaft und im Agrarlebensmittelsektor. Wir unterst\u00fctzen Projektleiter mit ma\u00dfgeschneiderten L\u00f6sungen und <strong>attraktive Finanzierungskonditionen<\/strong>.<\/p><h3><strong>Unsere Vorteile:<\/strong><\/h3><p>\u2705 <strong>Zugang zu vorteilhaften und flexiblen Finanzierungen<\/strong> \u2705 <strong>Wettbewerbsf\u00e4hige Preise, angepasst an landwirtschaftliche Projekte<\/strong> \u2705 <strong>Personalisierte Unterst\u00fctzung zur Maximierung der Wirkung<\/strong> \u2705 <strong>Strenge Auswahl der gef\u00f6rderten Projekte<\/strong><\/p>\t\t\t\t\t\t\t\t<\/div>\n\t\t\t\t<\/div>\n\t\t\t\t\t<\/div>\n\t\t\t\t<\/div>\n\t\t<div class=\"elementor-element elementor-element-4f067ac2 e-flex e-con-boxed elementor-invisible e-con e-parent\" data-id=\"4f067ac2\" data-element_type=\"container\" data-settings=\"{&quot;background_background&quot;:&quot;classic&quot;,&quot;animation&quot;:&quot;fadeInUp&quot;}\">\n\t\t\t\t\t<div class=\"e-con-inner\">\n\t\t\t\t<div class=\"elementor-element elementor-element-59bab73e elementor-widget elementor-widget-heading\" data-id=\"59bab73e\" data-element_type=\"widget\" data-widget_type=\"heading.default\">\n\t\t\t\t<div class=\"elementor-widget-container\">\n\t\t\t\t\t<h2 class=\"elementor-heading-title elementor-size-default\">Sichern Sie sich noch heute Ihre Finanzierung!<\/h2>\t\t\t\t<\/div>\n\t\t\t\t<\/div>\n\t\t\t\t<div class=\"elementor-element elementor-element-29666dc0 elementor-widget elementor-widget-text-editor\" data-id=\"29666dc0\" data-element_type=\"widget\" data-widget_type=\"text-editor.default\">\n\t\t\t\t<div class=\"elementor-widget-container\">\n\t\t\t\t\t\t\t\t\t<p data-pm-slice=\"1 1 []\">Lassen Sie Ihr Agrar- oder Lebensmittelprojekt zu optimalen Konditionen und mit ma\u00dfgeschneiderter Betreuung finanzieren.<\/p>\t\t\t\t\t\t\t\t<\/div>\n\t\t\t\t<\/div>\n\t\t\t\t<div class=\"elementor-element elementor-element-330488a2 elementor-align-center elementor-widget elementor-widget-button\" data-id=\"330488a2\" data-element_type=\"widget\" data-widget_type=\"button.default\">\n\t\t\t\t<div class=\"elementor-widget-container\">\n\t\t\t\t\t\t\t\t\t<div class=\"elementor-button-wrapper\">\n\t\t\t\t\t<a class=\"elementor-button elementor-button-link elementor-size-sm\" href=\"https:\/\/flexifinanz.com\/de\/demander-un-financement\/\">\n\t\t\t\t\t\t<span class=\"elementor-button-content-wrapper\">\n\t\t\t\t\t\t<span class=\"elementor-button-icon\">\n\t\t\t\t<svg aria-hidden=\"true\" class=\"e-font-icon-svg e-fas-arrow-right\" viewbox=\"0 0 448 512\" xmlns=\"http:\/\/www.w3.org\/2000\/svg\"><path d=\"M190.5 66.9l22.2-22.2c9.4-9.4 24.6-9.4 33.9 0L441 239c9.4 9.4 9.4 24.6 0 33.9L246.6 467.3c-9.4 9.4-24.6 9.4-33.9 0l-22.2-22.2c-9.5-9.5-9.3-25 .4-34.3L311.4 296H24c-13.3 0-24-10.7-24-24v-32c0-13.3 10.7-24 24-24h287.4L190.9 101.2c-9.8-9.3-10-24.8-.4-34.3z\"><\/path><\/svg>\t\t\t<\/span>\n\t\t\t\t\t\t\t\t\t<span class=\"elementor-button-text\">F\u00f6rdermittel beantragen<\/span>\n\t\t\t\t\t<\/span>\n\t\t\t\t\t<\/a>\n\t\t\t\t<\/div>\n\t\t\t\t\t\t\t\t<\/div>\n\t\t\t\t<\/div>\n\t\t\t\t\t<\/div>\n\t\t\t\t<\/div>\n\t\t\t\t<\/div>","protected":false},"excerpt":{"rendered":"<p>Pourquoi financer des projets dans l\u2019agriculture et l\u2019agroalimentaire ? L\u2019agriculture et l\u2019agroalimentaire jouent un r\u00f4le essentiel dans l\u2019\u00e9conomie mondiale, r\u00e9pondant \u00e0 une [&hellip;]<\/p>","protected":false},"author":1,"featured_media":338,"parent":201,"menu_order":0,"comment_status":"closed","ping_status":"closed","template":"","meta":{"om_disable_all_campaigns":false,"_monsterinsights_skip_tracking":false,"_monsterinsights_sitenote_active":false,"_monsterinsights_sitenote_note":"","_monsterinsights_sitenote_category":0,"footnotes":""},"class_list":["post-168","page","type-page","status-publish","has-post-thumbnail","hentry"],"aioseo_notices":[],"_links":{"self":[{"href":"https:\/\/flexifinanz.com\/de\/wp-json\/wp\/v2\/pages\/168","targetHints":{"allow":["GET"]}}],"collection":[{"href":"https:\/\/flexifinanz.com\/de\/wp-json\/wp\/v2\/pages"}],"about":[{"href":"https:\/\/flexifinanz.com\/de\/wp-json\/wp\/v2\/types\/page"}],"author":[{"embeddable":true,"href":"https:\/\/flexifinanz.com\/de\/wp-json\/wp\/v2\/users\/1"}],"replies":[{"embeddable":true,"href":"https:\/\/flexifinanz.com\/de\/wp-json\/wp\/v2\/comments?post=168"}],"version-history":[{"count":0,"href":"https:\/\/flexifinanz.com\/de\/wp-json\/wp\/v2\/pages\/168\/revisions"}],"up":[{"embeddable":true,"href":"https:\/\/flexifinanz.com\/de\/wp-json\/wp\/v2\/pages\/201"}],"wp:featuredmedia":[{"embeddable":true,"href":"https:\/\/flexifinanz.com\/de\/wp-json\/wp\/v2\/media\/338"}],"wp:attachment":[{"href":"https:\/\/flexifinanz.com\/de\/wp-json\/wp\/v2\/media?parent=168"}],"curies":[{"name":"wp","href":"https:\/\/api.w.org\/{rel}","templated":true}]}}