{"id":159,"date":"2025-02-20T15:07:10","date_gmt":"2025-02-20T14:07:10","guid":{"rendered":"https:\/\/flexifinanz.com\/?page_id=159"},"modified":"2025-02-25T18:44:24","modified_gmt":"2025-02-25T17:44:24","slug":"finanzindustrie-und-logistik","status":"publish","type":"page","link":"https:\/\/flexifinanz.com\/de\/strategische-finanzierung\/finanzindustrie-und-logistik\/","title":{"rendered":"Industrie- und Logistikfinanzierung: Zukunftsbranchen"},"content":{"rendered":"<div data-elementor-type=\"wp-page\" data-elementor-id=\"159\" class=\"elementor elementor-159\" data-elementor-settings=\"{&quot;element_pack_global_tooltip_width&quot;:{&quot;unit&quot;:&quot;px&quot;,&quot;size&quot;:&quot;&quot;,&quot;sizes&quot;:[]},&quot;element_pack_global_tooltip_width_tablet&quot;:{&quot;unit&quot;:&quot;px&quot;,&quot;size&quot;:&quot;&quot;,&quot;sizes&quot;:[]},&quot;element_pack_global_tooltip_width_mobile&quot;:{&quot;unit&quot;:&quot;px&quot;,&quot;size&quot;:&quot;&quot;,&quot;sizes&quot;:[]},&quot;element_pack_global_tooltip_padding&quot;:{&quot;unit&quot;:&quot;px&quot;,&quot;top&quot;:&quot;&quot;,&quot;right&quot;:&quot;&quot;,&quot;bottom&quot;:&quot;&quot;,&quot;left&quot;:&quot;&quot;,&quot;isLinked&quot;:true},&quot;element_pack_global_tooltip_padding_tablet&quot;:{&quot;unit&quot;:&quot;px&quot;,&quot;top&quot;:&quot;&quot;,&quot;right&quot;:&quot;&quot;,&quot;bottom&quot;:&quot;&quot;,&quot;left&quot;:&quot;&quot;,&quot;isLinked&quot;:true},&quot;element_pack_global_tooltip_padding_mobile&quot;:{&quot;unit&quot;:&quot;px&quot;,&quot;top&quot;:&quot;&quot;,&quot;right&quot;:&quot;&quot;,&quot;bottom&quot;:&quot;&quot;,&quot;left&quot;:&quot;&quot;,&quot;isLinked&quot;:true},&quot;element_pack_global_tooltip_border_radius&quot;:{&quot;unit&quot;:&quot;px&quot;,&quot;top&quot;:&quot;&quot;,&quot;right&quot;:&quot;&quot;,&quot;bottom&quot;:&quot;&quot;,&quot;left&quot;:&quot;&quot;,&quot;isLinked&quot;:true},&quot;element_pack_global_tooltip_border_radius_tablet&quot;:{&quot;unit&quot;:&quot;px&quot;,&quot;top&quot;:&quot;&quot;,&quot;right&quot;:&quot;&quot;,&quot;bottom&quot;:&quot;&quot;,&quot;left&quot;:&quot;&quot;,&quot;isLinked&quot;:true},&quot;element_pack_global_tooltip_border_radius_mobile&quot;:{&quot;unit&quot;:&quot;px&quot;,&quot;top&quot;:&quot;&quot;,&quot;right&quot;:&quot;&quot;,&quot;bottom&quot;:&quot;&quot;,&quot;left&quot;:&quot;&quot;,&quot;isLinked&quot;:true}}\" data-elementor-post-type=\"page\">\n\t\t\t\t<div class=\"elementor-element elementor-element-64ad39e7 e-flex e-con-boxed e-con e-parent\" data-id=\"64ad39e7\" data-element_type=\"container\" data-settings=\"{&quot;background_background&quot;:&quot;classic&quot;}\">\n\t\t\t\t\t<div class=\"e-con-inner\">\n\t\t\t\t<div class=\"elementor-element elementor-element-5f87f322 elementor-widget elementor-widget-text-editor\" data-id=\"5f87f322\" data-element_type=\"widget\" data-widget_type=\"text-editor.default\">\n\t\t\t\t<div class=\"elementor-widget-container\">\n\t\t\t\t\t\t\t\t\t<h2 data-pm-slice=\"1 1 []\">Warum Projekte in Industrie und Logistik finanzieren?<\/h2><p>Industrie und Logistik sind strategische Sektoren, die die Weltwirtschaft st\u00fctzen. Angesichts der digitalen Transformation, der Automatisierung und der wachsenden Nachfrage nach effizienten Logistikl\u00f6sungen ben\u00f6tigen diese Bereiche geeignete Mittel zur Unterst\u00fctzung ihrer <strong>Wachstum und Modernisierung<\/strong>.<\/p><p>Der Aufstieg des E-Commerce, die Optimierung der Lieferketten und der Aufstieg fortschrittlicher Industrietechnologien erfordern L\u00f6sungen von <strong>Strategische Finanzierung<\/strong> um Unternehmen dabei zu helfen, in Innovation und betriebliche Effizienz zu investieren.<\/p><h2>Unsere Finanzierungsl\u00f6sungen in Industrie und Logistik<\/h2><h3>1. Finanzierung von Logistik und Transport<\/h3><p>Die explosionsartige Zunahme des elektronischen Handels und die ver\u00e4nderten Konsumgewohnheiten erfordern effiziente Logistikinfrastrukturen.<\/p><p><strong>Unsere Finanzierungsangebote:<\/strong><\/p><ul data-spread=\"false\"><li><p>Entwicklung von automatisierten und robotergest\u00fctzten Lagern<\/p><\/li><li><p>Unterst\u00fctzung f\u00fcr L\u00f6sungen zur Zustellung auf der letzten Meile (Elektrofahrzeuge, Drohnen)<\/p><\/li><li><p>Finanzierung KI-basierter Logistikmanagementplattformen<\/p><\/li><\/ul><h3>2. Finanzierung von Bauvorhaben und Green Buildings<\/h3><p>Die zunehmende Urbanisierung und die Notwendigkeit, den CO2-Fu\u00dfabdruck zu reduzieren, treiben Innovationen im Bauwesen voran.<\/p><p><strong>Unsere Finanzierungsangebote:<\/strong><\/p><ul data-spread=\"false\"><li><p>Unterst\u00fctzung f\u00fcr umweltfreundliche und innovative Baumaterialien<\/p><\/li><li><p>Finanzierung von Geb\u00e4uden mit hoher Energieeffizienz<\/p><\/li><li><p>Unterst\u00fctzung f\u00fcr Smart Cities und intelligente Infrastrukturprojekte<\/p><\/li><\/ul><h3>3. Finanzierung von Robotik und industrieller Automatisierung<\/h3><p>Die Automatisierung steht im Mittelpunkt des industriellen Wandels, denn sie steigert die Produktivit\u00e4t und senkt die Produktionskosten.<\/p><p><strong>Unsere Finanzierungsangebote:<\/strong><\/p><ul data-spread=\"false\"><li><p>Unterst\u00fctzung f\u00fcr Unternehmen, die Industrieroboter und Cobots entwickeln<\/p><\/li><li><p>Finanzierung von L\u00f6sungen der k\u00fcnstlichen Intelligenz f\u00fcr die vorausschauende Wartung<\/p><\/li><li><p>Unterst\u00fctzung f\u00fcr Unternehmen, die auf additive Fertigung und 3D-Druck spezialisiert sind<\/p><\/li><\/ul><h3>4. Finanzierung der Luft- und Raumfahrt<\/h3><p>Die Entwicklung von Luft- und Raumfahrttechnologien ist ein Sektor, der erhebliches Kapital zur Unterst\u00fctzung von Innovation und Expansion erfordert.<\/p><p><strong>Unsere Finanzierungsangebote:<\/strong><\/p><ul data-spread=\"false\"><li><p>F\u00f6rderung neuer Werkstoffe und Technologien f\u00fcr die Luftfahrt<\/p><\/li><li><p>Finanzierung von Satelliten- und Weltraumerkundungsprojekten<\/p><\/li><li><p>Unterst\u00fctzung des \u00dcbergangs zu Elektro- und Hybridantrieben in der Luftfahrt<\/p><\/li><\/ul><h3>5. Finanzierung von 3D-Druck und additiver Fertigung<\/h3><p>Der 3D-Druck revolutioniert die industrielle Produktion, indem er die schnelle Herstellung von Prototypen und komplexen Teilen erm\u00f6glicht.<\/p><p><strong>Unsere Finanzierungsangebote:<\/strong><\/p><ul data-spread=\"false\"><li><p>Finanzierung von 3D-Druckl\u00f6sungen f\u00fcr die Automobil- und Luftfahrtindustrie<\/p><\/li><li><p>F\u00f6rderung innovativer Werkstoffe f\u00fcr die additive Fertigung<\/p><\/li><li><p>Unterst\u00fctzung f\u00fcr Unternehmen, die auf On-Demand-Anpassung spezialisiert sind<\/p><\/li><\/ul>\t\t\t\t\t\t\t\t<\/div>\n\t\t\t\t<\/div>\n\t\t\t\t\t<\/div>\n\t\t\t\t<\/div>\n\t\t<div class=\"elementor-element elementor-element-179f3c86 e-flex e-con-boxed elementor-invisible e-con e-parent\" data-id=\"179f3c86\" data-element_type=\"container\" data-settings=\"{&quot;background_background&quot;:&quot;classic&quot;,&quot;animation&quot;:&quot;fadeInUp&quot;}\">\n\t\t\t\t\t<div class=\"e-con-inner\">\n\t\t\t\t<div class=\"elementor-element elementor-element-74334b46 elementor-widget elementor-widget-text-editor\" data-id=\"74334b46\" data-element_type=\"widget\" data-widget_type=\"text-editor.default\">\n\t\t\t\t<div class=\"elementor-widget-container\">\n\t\t\t\t\t\t\t\t\t<h2 data-pm-slice=\"1 3 []\">Sicherheit und Flexibilit\u00e4t unserer Finanzierung<\/h2><p>Wir bieten <strong>ma\u00dfgeschneiderte Finanzierungsl\u00f6sungen<\/strong>, angepasst an die Bed\u00fcrfnisse von Industrie- und Logistikunternehmen und garantiert eine <strong>Balance zwischen Innovation und Rentabilit\u00e4t<\/strong>.<\/p><h3><strong>Zur Verf\u00fcgung stehende Finanzierungsarten:<\/strong><\/h3><p>\u2705 <strong>Kredite f\u00fcr den Erwerb moderner Industrieanlagen<\/strong> \u2705 <strong>Finanzierung von Logistikinfrastruktur und Produktionsstandorten<\/strong> \u2705 <strong>Strategische Unterst\u00fctzung bei der Supply Chain Optimierung<\/strong><\/p><h3><strong>Durchschnittliche Rentabilit\u00e4t der finanzierten Projekte:<\/strong><\/h3><ul data-spread=\"false\"><li><p><strong>Logistik und automatische Lager:<\/strong> 6-10% pro Jahr<\/p><\/li><li><p><strong>Robotik und Automatisierung:<\/strong> 8-15% pro Jahr<\/p><\/li><li><p><strong>3D-Druck und additive Produktion:<\/strong> 10-20% pro Jahr<\/p><\/li><\/ul>\t\t\t\t\t\t\t\t<\/div>\n\t\t\t\t<\/div>\n\t\t\t\t\t<\/div>\n\t\t\t\t<\/div>\n\t\t<div class=\"elementor-element elementor-element-45ced7da e-flex e-con-boxed elementor-invisible e-con e-parent\" data-id=\"45ced7da\" data-element_type=\"container\" data-settings=\"{&quot;background_background&quot;:&quot;classic&quot;,&quot;animation&quot;:&quot;fadeInUp&quot;}\">\n\t\t\t\t\t<div class=\"e-con-inner\">\n\t\t\t\t<div class=\"elementor-element elementor-element-4c0e480b elementor-widget elementor-widget-text-editor\" data-id=\"4c0e480b\" data-element_type=\"widget\" data-widget_type=\"text-editor.default\">\n\t\t\t\t<div class=\"elementor-widget-container\">\n\t\t\t\t\t\t\t\t\t<h2 data-pm-slice=\"1 3 []\"><span style=\"color: #ffffff;\">Wer kann von unserer Finanzierung profitieren?<\/span><\/h2><h3><span style=\"color: #ffffff;\"><strong>Unternehmen und Industrielle<\/strong><\/span><\/h3><ul data-spread=\"false\"><li><p><span style=\"color: #ffffff;\">Finanzierung f\u00fcr den Ausbau von Logistikstandorten und Lagerhallen<\/span><\/p><\/li><li><p><span style=\"color: #ffffff;\">Unterst\u00fctzung f\u00fcr Industrien, die ihre Produktionsprozesse automatisieren m\u00f6chten<\/span><\/p><\/li><li><p><span style=\"color: #ffffff;\">Unterst\u00fctzung bei der Modernisierung bestehender Infrastrukturen<\/span><\/p><\/li><\/ul><h3><span style=\"color: #ffffff;\"><strong>Startups und Technologie-Innovatoren<\/strong><\/span><\/h3><ul data-spread=\"false\"><li><p><span style=\"color: #ffffff;\">Finanzierung neuer Industrietechnologien<\/span><\/p><\/li><li><p><span style=\"color: #ffffff;\">Unterst\u00fctzung f\u00fcr k\u00fcnstliche Intelligenz und Robotikl\u00f6sungen<\/span><\/p><\/li><li><p><span style=\"color: #ffffff;\">Unterst\u00fctzung neuer Produktions- und Fertigungsmodelle<\/span><\/p><\/li><\/ul>\t\t\t\t\t\t\t\t<\/div>\n\t\t\t\t<\/div>\n\t\t\t\t\t<\/div>\n\t\t\t\t<\/div>\n\t\t<div class=\"elementor-element elementor-element-56a53d4e e-flex e-con-boxed elementor-invisible e-con e-parent\" data-id=\"56a53d4e\" data-element_type=\"container\" data-settings=\"{&quot;background_background&quot;:&quot;classic&quot;,&quot;animation&quot;:&quot;fadeInUp&quot;}\">\n\t\t\t\t\t<div class=\"e-con-inner\">\n\t\t\t\t<div class=\"elementor-element elementor-element-3d51db91 elementor-widget elementor-widget-text-editor\" data-id=\"3d51db91\" data-element_type=\"widget\" data-widget_type=\"text-editor.default\">\n\t\t\t\t<div class=\"elementor-widget-container\">\n\t\t\t\t\t\t\t\t\t<h2 data-pm-slice=\"1 1 []\">Warum sollten Sie Ihr Projekt bei uns finanzieren?<\/h2><p>Unsere Expertise erm\u00f6glicht es uns, die <strong>beste Finanzierungsm\u00f6glichkeiten<\/strong> in Industrie und Logistik. Wir unterst\u00fctzen Projektleiter mit ma\u00dfgeschneiderten L\u00f6sungen und <strong>attraktive Finanzierungskonditionen<\/strong>.<\/p><h3><strong>Unsere Vorteile:<\/strong><\/h3><p>\u2705 <strong>Zugang zu vorteilhaften und flexiblen Finanzierungen<\/strong> \u2705 <strong>Wettbewerbsf\u00e4hige Preise, angepasst an Industrieprojekte<\/strong> \u2705 <strong>Personalisierte Unterst\u00fctzung zur Maximierung der Wirkung<\/strong> \u2705 <strong>Strenge Auswahl der gef\u00f6rderten Projekte<\/strong><\/p>\t\t\t\t\t\t\t\t<\/div>\n\t\t\t\t<\/div>\n\t\t\t\t\t<\/div>\n\t\t\t\t<\/div>\n\t\t<div class=\"elementor-element elementor-element-d41c72f e-flex e-con-boxed elementor-invisible e-con e-parent\" data-id=\"d41c72f\" data-element_type=\"container\" data-settings=\"{&quot;background_background&quot;:&quot;classic&quot;,&quot;animation&quot;:&quot;fadeInUp&quot;}\">\n\t\t\t\t\t<div class=\"e-con-inner\">\n\t\t\t\t<div class=\"elementor-element elementor-element-3659926d elementor-widget elementor-widget-heading\" data-id=\"3659926d\" data-element_type=\"widget\" data-widget_type=\"heading.default\">\n\t\t\t\t<div class=\"elementor-widget-container\">\n\t\t\t\t\t<h2 class=\"elementor-heading-title elementor-size-default\">Sichern Sie sich noch heute Ihre Finanzierung!<\/h2>\t\t\t\t<\/div>\n\t\t\t\t<\/div>\n\t\t\t\t<div class=\"elementor-element elementor-element-46f345d7 elementor-widget elementor-widget-text-editor\" data-id=\"46f345d7\" data-element_type=\"widget\" data-widget_type=\"text-editor.default\">\n\t\t\t\t<div class=\"elementor-widget-container\">\n\t\t\t\t\t\t\t\t\t<p data-pm-slice=\"1 1 []\">Lassen Sie Ihr Industrie- oder Logistikprojekt zu optimalen Konditionen und mit ma\u00dfgeschneiderter Betreuung finanzieren.<\/p>\t\t\t\t\t\t\t\t<\/div>\n\t\t\t\t<\/div>\n\t\t\t\t<div class=\"elementor-element elementor-element-6c330bdb elementor-align-center elementor-widget elementor-widget-button\" data-id=\"6c330bdb\" data-element_type=\"widget\" data-widget_type=\"button.default\">\n\t\t\t\t<div class=\"elementor-widget-container\">\n\t\t\t\t\t\t\t\t\t<div class=\"elementor-button-wrapper\">\n\t\t\t\t\t<a class=\"elementor-button elementor-button-link elementor-size-sm\" href=\"https:\/\/flexifinanz.com\/de\/demander-un-financement\/\">\n\t\t\t\t\t\t<span class=\"elementor-button-content-wrapper\">\n\t\t\t\t\t\t<span class=\"elementor-button-icon\">\n\t\t\t\t<svg aria-hidden=\"true\" class=\"e-font-icon-svg e-fas-arrow-right\" viewbox=\"0 0 448 512\" xmlns=\"http:\/\/www.w3.org\/2000\/svg\"><path d=\"M190.5 66.9l22.2-22.2c9.4-9.4 24.6-9.4 33.9 0L441 239c9.4 9.4 9.4 24.6 0 33.9L246.6 467.3c-9.4 9.4-24.6 9.4-33.9 0l-22.2-22.2c-9.5-9.5-9.3-25 .4-34.3L311.4 296H24c-13.3 0-24-10.7-24-24v-32c0-13.3 10.7-24 24-24h287.4L190.9 101.2c-9.8-9.3-10-24.8-.4-34.3z\"><\/path><\/svg>\t\t\t<\/span>\n\t\t\t\t\t\t\t\t\t<span class=\"elementor-button-text\">F\u00f6rdermittel beantragen<\/span>\n\t\t\t\t\t<\/span>\n\t\t\t\t\t<\/a>\n\t\t\t\t<\/div>\n\t\t\t\t\t\t\t\t<\/div>\n\t\t\t\t<\/div>\n\t\t\t\t\t<\/div>\n\t\t\t\t<\/div>\n\t\t\t\t<\/div>","protected":false},"excerpt":{"rendered":"<p>Pourquoi financer des projets dans l\u2019industrie et la logistique ? L\u2019industrie et la logistique sont des secteurs strat\u00e9giques qui soutiennent l\u2019\u00e9conomie mondiale. [&hellip;]<\/p>","protected":false},"author":1,"featured_media":337,"parent":201,"menu_order":0,"comment_status":"closed","ping_status":"closed","template":"","meta":{"om_disable_all_campaigns":false,"_monsterinsights_skip_tracking":false,"_monsterinsights_sitenote_active":false,"_monsterinsights_sitenote_note":"","_monsterinsights_sitenote_category":0,"footnotes":""},"class_list":["post-159","page","type-page","status-publish","has-post-thumbnail","hentry"],"aioseo_notices":[],"_links":{"self":[{"href":"https:\/\/flexifinanz.com\/de\/wp-json\/wp\/v2\/pages\/159","targetHints":{"allow":["GET"]}}],"collection":[{"href":"https:\/\/flexifinanz.com\/de\/wp-json\/wp\/v2\/pages"}],"about":[{"href":"https:\/\/flexifinanz.com\/de\/wp-json\/wp\/v2\/types\/page"}],"author":[{"embeddable":true,"href":"https:\/\/flexifinanz.com\/de\/wp-json\/wp\/v2\/users\/1"}],"replies":[{"embeddable":true,"href":"https:\/\/flexifinanz.com\/de\/wp-json\/wp\/v2\/comments?post=159"}],"version-history":[{"count":0,"href":"https:\/\/flexifinanz.com\/de\/wp-json\/wp\/v2\/pages\/159\/revisions"}],"up":[{"embeddable":true,"href":"https:\/\/flexifinanz.com\/de\/wp-json\/wp\/v2\/pages\/201"}],"wp:featuredmedia":[{"embeddable":true,"href":"https:\/\/flexifinanz.com\/de\/wp-json\/wp\/v2\/media\/337"}],"wp:attachment":[{"href":"https:\/\/flexifinanz.com\/de\/wp-json\/wp\/v2\/media?parent=159"}],"curies":[{"name":"wp","href":"https:\/\/api.w.org\/{rel}","templated":true}]}}