{"id":153,"date":"2025-02-20T15:00:49","date_gmt":"2025-02-20T14:00:49","guid":{"rendered":"https:\/\/flexifinanz.com\/?page_id=153"},"modified":"2025-04-28T02:19:34","modified_gmt":"2025-04-28T00:19:34","slug":"finanzen-handel-und-handel-gewinnbringende-moglichkeiten","status":"publish","type":"page","link":"https:\/\/flexifinanz.com\/de\/strategische-finanzierung\/finanzen-handel-und-handel-gewinnbringende-moglichkeiten\/","title":{"rendered":"Handels- und E-Commerce-Finanzierung: lukrative M\u00f6glichkeiten"},"content":{"rendered":"<div data-elementor-type=\"wp-page\" data-elementor-id=\"153\" class=\"elementor elementor-153\" data-elementor-settings=\"{&quot;element_pack_global_tooltip_width&quot;:{&quot;unit&quot;:&quot;px&quot;,&quot;size&quot;:&quot;&quot;,&quot;sizes&quot;:[]},&quot;element_pack_global_tooltip_width_tablet&quot;:{&quot;unit&quot;:&quot;px&quot;,&quot;size&quot;:&quot;&quot;,&quot;sizes&quot;:[]},&quot;element_pack_global_tooltip_width_mobile&quot;:{&quot;unit&quot;:&quot;px&quot;,&quot;size&quot;:&quot;&quot;,&quot;sizes&quot;:[]},&quot;element_pack_global_tooltip_padding&quot;:{&quot;unit&quot;:&quot;px&quot;,&quot;top&quot;:&quot;&quot;,&quot;right&quot;:&quot;&quot;,&quot;bottom&quot;:&quot;&quot;,&quot;left&quot;:&quot;&quot;,&quot;isLinked&quot;:true},&quot;element_pack_global_tooltip_padding_tablet&quot;:{&quot;unit&quot;:&quot;px&quot;,&quot;top&quot;:&quot;&quot;,&quot;right&quot;:&quot;&quot;,&quot;bottom&quot;:&quot;&quot;,&quot;left&quot;:&quot;&quot;,&quot;isLinked&quot;:true},&quot;element_pack_global_tooltip_padding_mobile&quot;:{&quot;unit&quot;:&quot;px&quot;,&quot;top&quot;:&quot;&quot;,&quot;right&quot;:&quot;&quot;,&quot;bottom&quot;:&quot;&quot;,&quot;left&quot;:&quot;&quot;,&quot;isLinked&quot;:true},&quot;element_pack_global_tooltip_border_radius&quot;:{&quot;unit&quot;:&quot;px&quot;,&quot;top&quot;:&quot;&quot;,&quot;right&quot;:&quot;&quot;,&quot;bottom&quot;:&quot;&quot;,&quot;left&quot;:&quot;&quot;,&quot;isLinked&quot;:true},&quot;element_pack_global_tooltip_border_radius_tablet&quot;:{&quot;unit&quot;:&quot;px&quot;,&quot;top&quot;:&quot;&quot;,&quot;right&quot;:&quot;&quot;,&quot;bottom&quot;:&quot;&quot;,&quot;left&quot;:&quot;&quot;,&quot;isLinked&quot;:true},&quot;element_pack_global_tooltip_border_radius_mobile&quot;:{&quot;unit&quot;:&quot;px&quot;,&quot;top&quot;:&quot;&quot;,&quot;right&quot;:&quot;&quot;,&quot;bottom&quot;:&quot;&quot;,&quot;left&quot;:&quot;&quot;,&quot;isLinked&quot;:true}}\" data-elementor-post-type=\"page\">\n\t\t\t\t<div class=\"elementor-element elementor-element-dee2f4a e-flex e-con-boxed e-con e-parent\" data-id=\"dee2f4a\" data-element_type=\"container\" data-settings=\"{&quot;background_background&quot;:&quot;classic&quot;}\">\n\t\t\t\t\t<div class=\"e-con-inner\">\n\t\t\t\t<div class=\"elementor-element elementor-element-0820c5d elementor-widget elementor-widget-text-editor\" data-id=\"0820c5d\" data-element_type=\"widget\" data-widget_type=\"text-editor.default\">\n\t\t\t\t<div class=\"elementor-widget-container\">\n\t\t\t\t\t\t\t\t\t<h2 data-pm-slice=\"1 3 []\">Warum Projekte im Handel und E-Commerce finanzieren?<\/h2><p>Der station\u00e4re Handel und der E-Commerce sind boomende Branchen, getrieben durch die Digitalisierung des Konsumverhaltens. Der Aufstieg von Marktpl\u00e4tzen, Online-Zahlungsl\u00f6sungen und neuen Verkaufsstrategien bietet Chancen f\u00fcr <strong>Strategische Finanzierung<\/strong>, mit starkem Wachstumspotenzial.<\/p><p>Angesichts der sich st\u00e4ndig \u00e4ndernden Nachfrage und Innovationen wie k\u00fcnstlicher Intelligenz und Big Data m\u00fcssen Handels- und E-Commerce-Unternehmen <strong>Angepasste Finanzierung<\/strong> um ihre Entwicklung zu optimieren und ihre Position auf dem Weltmarkt zu st\u00e4rken.<\/p><h2>Unsere Finanzierungsl\u00f6sungen im Handel und E-Commerce<\/h2><h3>1. Finanzierung von Online-Marktpl\u00e4tzen<\/h3><p>Multi-Vendor-Plattformen revolutionieren den Online-Verkauf, indem sie Tausende von H\u00e4ndlern und Verbrauchern miteinander verbinden.<\/p><p><strong>Unsere Finanzierungsangebote:<\/strong><\/p><ul data-spread=\"false\"><li><p>Finanzierung der Einf\u00fchrung neuer spezialisierter Marktpl\u00e4tze<\/p><\/li><li><p>Unterst\u00fctzung bestehender E-Commerce-Plattformen bei deren Ausbau<\/p><\/li><li><p>Entwicklung von Logistikl\u00f6sungen zur Verbesserung der Effizienz von Marktpl\u00e4tzen<\/p><\/li><\/ul><h3>2. Finanzierung des Verkaufs innovativer Produkte<\/h3><p>Innovation ist ein wesentlicher Motor des Handels und die Suche nach originellen und leistungsstarken Produkten ist ein Hebel zur Differenzierung.<\/p><p><strong>Unsere Finanzierungsangebote:<\/strong><\/p><ul data-spread=\"false\"><li><p>Unterst\u00fctzung bei der Schaffung von High-Tech-Produkt- und Gadget-Marken<\/p><\/li><li><p>Finanzierung von Startups, die auf Produktinnovation spezialisiert sind<\/p><\/li><li><p>Entwicklung effizienter Vertriebskan\u00e4le f\u00fcr Nischenprodukte<\/p><\/li><\/ul><h3>3. Finanzierung von Dropshipping und Print-on-Demand<\/h3><p>Mit diesen Gesch\u00e4ftsmodellen k\u00f6nnen Sie ein Gesch\u00e4ft ohne Bestandsverwaltung er\u00f6ffnen und so die Anfangskosten senken.<\/p><p><strong>Unsere Finanzierungsangebote:<\/strong><\/p><ul data-spread=\"false\"><li><p>Unterst\u00fctzung bei der Entwicklung automatisierter Dropshipping-Shops<\/p><\/li><li><p>Finanzierung von Plattformen, die auf On-Demand-Druck spezialisiert sind<\/p><\/li><li><p>Optimierung der Marketingstrategien zur Steigerung der Profitabilit\u00e4t<\/p><\/li><\/ul><h3>4. Finanzierung nachhaltiger Modemarken<\/h3><p>Der Trend zu ethischer und nachhaltiger Mode veranlasst Unternehmer dazu, sich engagierten Unternehmen zuzuwenden.<\/p><p><strong>Unsere Finanzierungsangebote:<\/strong><\/p><ul data-spread=\"false\"><li><p>Unterst\u00fctzung f\u00fcr umweltbewusste Marken<\/p><\/li><li><p>Finanzierung von Textilrecyclingl\u00f6sungen<\/p><\/li><li><p>Unterst\u00fctzung des Ausbaus von Fair-Trade-Initiativen im Modebereich<\/p><\/li><\/ul><h3>5. Finanzierung von Zahlungs- und Logistikl\u00f6sungen<\/h3><p>Das Wachstum des E-Commerce erfordert eine solide Infrastruktur, um einen zuverl\u00e4ssigen und schnellen Service zu gew\u00e4hrleisten.<\/p><p><strong>Unsere Finanzierungsangebote:<\/strong><\/p><ul data-spread=\"false\"><li><p>Unterst\u00fctzung f\u00fcr Startups, die sich auf digitale Zahlungen spezialisieren<\/p><\/li><li><p>Finanzierung der Entwicklung schneller und nachhaltiger Lieferl\u00f6sungen<\/p><\/li><li><p>Unterst\u00fctzung von Unternehmen bei der Automatisierung und Robotisierung von E-Commerce-Lagern<\/p><\/li><\/ul>\t\t\t\t\t\t\t\t<\/div>\n\t\t\t\t<\/div>\n\t\t\t\t\t<\/div>\n\t\t\t\t<\/div>\n\t\t<div class=\"elementor-element elementor-element-6615bfa e-flex e-con-boxed elementor-invisible e-con e-parent\" data-id=\"6615bfa\" data-element_type=\"container\" data-settings=\"{&quot;background_background&quot;:&quot;classic&quot;,&quot;animation&quot;:&quot;fadeInUp&quot;}\">\n\t\t\t\t\t<div class=\"e-con-inner\">\n\t\t\t\t<div class=\"elementor-element elementor-element-b050f0e elementor-widget elementor-widget-text-editor\" data-id=\"b050f0e\" data-element_type=\"widget\" data-widget_type=\"text-editor.default\">\n\t\t\t\t<div class=\"elementor-widget-container\">\n\t\t\t\t\t\t\t\t\t<h2 data-pm-slice=\"1 3 []\">Sicherheit und Flexibilit\u00e4t unserer Finanzierung<\/h2><p>Wir bieten <strong>ma\u00dfgeschneiderte Finanzierungsl\u00f6sungen<\/strong> auf die spezifischen Entwicklungszyklen des Handels- und E-Commerce-Sektors abgestimmt und garantiert eine <strong>Balance zwischen Profitabilit\u00e4t und Expansion<\/strong>.<\/p><h3><strong>Zur Verf\u00fcgung stehende Finanzierungsarten:<\/strong><\/h3><p>\u2705 <strong>Bereit f\u00fcr die Entwicklung und Optimierung von Online-Shops<\/strong> \u2705 <strong>Finanzierung von Logistikinfrastrukturen und E-Commerce-Plattformen<\/strong> \u2705 <strong>Strategische Unterst\u00fctzung und Partnerschaften mit Unternehmen der Branche<\/strong><\/p><h3><strong>Durchschnittliche Rentabilit\u00e4t der finanzierten Projekte:<\/strong><\/h3><ul data-spread=\"false\"><li><p><strong>Online-Marktpl\u00e4tze:<\/strong> 10-20 % j\u00e4hrliches Wachstum<\/p><\/li><li><p><strong>Dropshipping und Print-on-Demand:<\/strong> Die Rentabilit\u00e4t variiert je nach Nische<\/p><\/li><li><p><strong>Zahlungs- und Logistikl\u00f6sungen:<\/strong> 7-12 % Kapitalrendite<\/p><\/li><\/ul>\t\t\t\t\t\t\t\t<\/div>\n\t\t\t\t<\/div>\n\t\t\t\t\t<\/div>\n\t\t\t\t<\/div>\n\t\t<div class=\"elementor-element elementor-element-4639c43 e-flex e-con-boxed elementor-invisible e-con e-parent\" data-id=\"4639c43\" data-element_type=\"container\" data-settings=\"{&quot;background_background&quot;:&quot;classic&quot;,&quot;animation&quot;:&quot;fadeInUp&quot;}\">\n\t\t\t\t\t<div class=\"e-con-inner\">\n\t\t\t\t<div class=\"elementor-element elementor-element-c075c4d elementor-widget elementor-widget-text-editor\" data-id=\"c075c4d\" data-element_type=\"widget\" data-widget_type=\"text-editor.default\">\n\t\t\t\t<div class=\"elementor-widget-container\">\n\t\t\t\t\t\t\t\t\t<h2 data-pm-slice=\"1 3 []\"><span style=\"color: #ffffff;\">Wer kann von unserer Finanzierung profitieren?<\/span><\/h2><h3><span style=\"color: #ffffff;\"><strong>Unternehmen und H\u00e4ndler<\/strong><\/span><\/h3><ul data-spread=\"false\"><li><p><span style=\"color: #ffffff;\">Finanzierung f\u00fcr den Auf- und Ausbau von Onlineshops<\/span><\/p><\/li><li><p><span style=\"color: #ffffff;\">Unterst\u00fctzung von Marktpl\u00e4tzen in der Aufbauphase<\/span><\/p><\/li><li><p><span style=\"color: #ffffff;\">Unterst\u00fctzung f\u00fcr Unternehmen, die erweiterte Zahlungs- und Logistikl\u00f6sungen integrieren m\u00f6chten<\/span><\/p><\/li><\/ul><h3><span style=\"color: #ffffff;\"><strong>Startups und Innovatoren<\/strong><\/span><\/h3><ul data-spread=\"false\"><li><p><span style=\"color: #ffffff;\">Finanzierung neuer E-Commerce-Technologien<\/span><\/p><\/li><li><p><span style=\"color: #ffffff;\">Unterst\u00fctzung f\u00fcr Big Data- und KI-L\u00f6sungen im Handel<\/span><\/p><\/li><li><p><span style=\"color: #ffffff;\">Unterst\u00fctzung neuer digitaler Wirtschaftsmodelle<\/span><\/p><\/li><\/ul>\t\t\t\t\t\t\t\t<\/div>\n\t\t\t\t<\/div>\n\t\t\t\t\t<\/div>\n\t\t\t\t<\/div>\n\t\t<div class=\"elementor-element elementor-element-4d8ae5d e-flex e-con-boxed elementor-invisible e-con e-parent\" data-id=\"4d8ae5d\" data-element_type=\"container\" data-settings=\"{&quot;background_background&quot;:&quot;classic&quot;,&quot;animation&quot;:&quot;fadeInUp&quot;}\">\n\t\t\t\t\t<div class=\"e-con-inner\">\n\t\t\t\t<div class=\"elementor-element elementor-element-6688643 elementor-widget elementor-widget-text-editor\" data-id=\"6688643\" data-element_type=\"widget\" data-widget_type=\"text-editor.default\">\n\t\t\t\t<div class=\"elementor-widget-container\">\n\t\t\t\t\t\t\t\t\t<h2 data-pm-slice=\"1 1 []\">Warum sollten Sie Ihr Projekt bei uns finanzieren?<\/h2><p>Unsere Expertise erm\u00f6glicht es uns, die <strong>beste Finanzierungsm\u00f6glichkeiten<\/strong> im Handel und E-Commerce. Wir unterst\u00fctzen Projektleiter mit ma\u00dfgeschneiderten L\u00f6sungen und <strong>attraktive Finanzierungskonditionen<\/strong>.<\/p><h3><strong>Unsere Vorteile:<\/strong><\/h3><p>\u2705 <strong>Zugang zu vorteilhaften und flexiblen Finanzierungen<\/strong> \u2705 <strong>Wettbewerbsf\u00e4hige Preise, angepasst an E-Commerce-Projekte<\/strong> \u2705 <strong>Personalisierte Unterst\u00fctzung zur Maximierung der Wirkung<\/strong> \u2705 <strong>Strenge Auswahl der gef\u00f6rderten Projekte<\/strong><\/p>\t\t\t\t\t\t\t\t<\/div>\n\t\t\t\t<\/div>\n\t\t\t\t\t<\/div>\n\t\t\t\t<\/div>\n\t\t<div class=\"elementor-element elementor-element-7167df6 e-flex e-con-boxed elementor-invisible e-con e-parent\" data-id=\"7167df6\" data-element_type=\"container\" data-settings=\"{&quot;background_background&quot;:&quot;classic&quot;,&quot;animation&quot;:&quot;fadeInUp&quot;}\">\n\t\t\t\t\t<div class=\"e-con-inner\">\n\t\t\t\t<div class=\"elementor-element elementor-element-310335c elementor-widget elementor-widget-heading\" data-id=\"310335c\" data-element_type=\"widget\" data-widget_type=\"heading.default\">\n\t\t\t\t<div class=\"elementor-widget-container\">\n\t\t\t\t\t<h2 class=\"elementor-heading-title elementor-size-default\">Sichern Sie sich noch heute Ihre Finanzierung!<\/h2>\t\t\t\t<\/div>\n\t\t\t\t<\/div>\n\t\t\t\t<div class=\"elementor-element elementor-element-6813925 elementor-widget elementor-widget-text-editor\" data-id=\"6813925\" data-element_type=\"widget\" data-widget_type=\"text-editor.default\">\n\t\t\t\t<div class=\"elementor-widget-container\">\n\t\t\t\t\t\t\t\t\t<p data-pm-slice=\"1 1 []\">Lassen Sie Ihr Business- und E-Commerce-Projekt mit optimalen Konditionen und ma\u00dfgeschneiderter Betreuung finanzieren.<\/p>\t\t\t\t\t\t\t\t<\/div>\n\t\t\t\t<\/div>\n\t\t\t\t<div class=\"elementor-element elementor-element-5a51640 elementor-align-center elementor-widget elementor-widget-button\" data-id=\"5a51640\" data-element_type=\"widget\" data-widget_type=\"button.default\">\n\t\t\t\t<div class=\"elementor-widget-container\">\n\t\t\t\t\t\t\t\t\t<div class=\"elementor-button-wrapper\">\n\t\t\t\t\t<a class=\"elementor-button elementor-button-link elementor-size-sm\" href=\"https:\/\/flexifinanz.com\/de\/eine-finanzierung-beantragen\/\">\n\t\t\t\t\t\t<span class=\"elementor-button-content-wrapper\">\n\t\t\t\t\t\t<span class=\"elementor-button-icon\">\n\t\t\t\t<svg aria-hidden=\"true\" class=\"e-font-icon-svg e-fas-arrow-right\" viewbox=\"0 0 448 512\" xmlns=\"http:\/\/www.w3.org\/2000\/svg\"><path d=\"M190.5 66.9l22.2-22.2c9.4-9.4 24.6-9.4 33.9 0L441 239c9.4 9.4 9.4 24.6 0 33.9L246.6 467.3c-9.4 9.4-24.6 9.4-33.9 0l-22.2-22.2c-9.5-9.5-9.3-25 .4-34.3L311.4 296H24c-13.3 0-24-10.7-24-24v-32c0-13.3 10.7-24 24-24h287.4L190.9 101.2c-9.8-9.3-10-24.8-.4-34.3z\"><\/path><\/svg>\t\t\t<\/span>\n\t\t\t\t\t\t\t\t\t<span class=\"elementor-button-text\">F\u00f6rdermittel beantragen<\/span>\n\t\t\t\t\t<\/span>\n\t\t\t\t\t<\/a>\n\t\t\t\t<\/div>\n\t\t\t\t\t\t\t\t<\/div>\n\t\t\t\t<\/div>\n\t\t\t\t\t<\/div>\n\t\t\t\t<\/div>\n\t\t\t\t<\/div>","protected":false},"excerpt":{"rendered":"<p>Pourquoi financer des projets dans le commerce et l\u2019e-commerce ? Le commerce physique et l\u2019e-commerce sont des secteurs en pleine expansion, port\u00e9s [&hellip;]<\/p>","protected":false},"author":1,"featured_media":334,"parent":201,"menu_order":0,"comment_status":"closed","ping_status":"closed","template":"","meta":{"om_disable_all_campaigns":false,"_monsterinsights_skip_tracking":false,"_monsterinsights_sitenote_active":false,"_monsterinsights_sitenote_note":"","_monsterinsights_sitenote_category":0,"footnotes":""},"class_list":["post-153","page","type-page","status-publish","has-post-thumbnail","hentry"],"aioseo_notices":[],"_links":{"self":[{"href":"https:\/\/flexifinanz.com\/de\/wp-json\/wp\/v2\/pages\/153","targetHints":{"allow":["GET"]}}],"collection":[{"href":"https:\/\/flexifinanz.com\/de\/wp-json\/wp\/v2\/pages"}],"about":[{"href":"https:\/\/flexifinanz.com\/de\/wp-json\/wp\/v2\/types\/page"}],"author":[{"embeddable":true,"href":"https:\/\/flexifinanz.com\/de\/wp-json\/wp\/v2\/users\/1"}],"replies":[{"embeddable":true,"href":"https:\/\/flexifinanz.com\/de\/wp-json\/wp\/v2\/comments?post=153"}],"version-history":[{"count":0,"href":"https:\/\/flexifinanz.com\/de\/wp-json\/wp\/v2\/pages\/153\/revisions"}],"up":[{"embeddable":true,"href":"https:\/\/flexifinanz.com\/de\/wp-json\/wp\/v2\/pages\/201"}],"wp:featuredmedia":[{"embeddable":true,"href":"https:\/\/flexifinanz.com\/de\/wp-json\/wp\/v2\/media\/334"}],"wp:attachment":[{"href":"https:\/\/flexifinanz.com\/de\/wp-json\/wp\/v2\/media?parent=153"}],"curies":[{"name":"wp","href":"https:\/\/api.w.org\/{rel}","templated":true}]}}