{"id":135,"date":"2025-02-20T14:05:50","date_gmt":"2025-02-20T13:05:50","guid":{"rendered":"https:\/\/flexifinanz.com\/?page_id=135"},"modified":"2025-02-25T18:44:33","modified_gmt":"2025-02-25T17:44:33","slug":"finanzen-gesundheit-und-wohlbefinden","status":"publish","type":"page","link":"https:\/\/flexifinanz.com\/de\/strategische-finanzierung\/finanzen-gesundheit-und-wohlbefinden\/","title":{"rendered":"Finanzierung von Gesundheit und Wellness: Rentabilit\u00e4t und Wirkung"},"content":{"rendered":"<div data-elementor-type=\"wp-page\" data-elementor-id=\"135\" class=\"elementor elementor-135\" data-elementor-settings=\"{&quot;element_pack_global_tooltip_width&quot;:{&quot;unit&quot;:&quot;px&quot;,&quot;size&quot;:&quot;&quot;,&quot;sizes&quot;:[]},&quot;element_pack_global_tooltip_width_tablet&quot;:{&quot;unit&quot;:&quot;px&quot;,&quot;size&quot;:&quot;&quot;,&quot;sizes&quot;:[]},&quot;element_pack_global_tooltip_width_mobile&quot;:{&quot;unit&quot;:&quot;px&quot;,&quot;size&quot;:&quot;&quot;,&quot;sizes&quot;:[]},&quot;element_pack_global_tooltip_padding&quot;:{&quot;unit&quot;:&quot;px&quot;,&quot;top&quot;:&quot;&quot;,&quot;right&quot;:&quot;&quot;,&quot;bottom&quot;:&quot;&quot;,&quot;left&quot;:&quot;&quot;,&quot;isLinked&quot;:true},&quot;element_pack_global_tooltip_padding_tablet&quot;:{&quot;unit&quot;:&quot;px&quot;,&quot;top&quot;:&quot;&quot;,&quot;right&quot;:&quot;&quot;,&quot;bottom&quot;:&quot;&quot;,&quot;left&quot;:&quot;&quot;,&quot;isLinked&quot;:true},&quot;element_pack_global_tooltip_padding_mobile&quot;:{&quot;unit&quot;:&quot;px&quot;,&quot;top&quot;:&quot;&quot;,&quot;right&quot;:&quot;&quot;,&quot;bottom&quot;:&quot;&quot;,&quot;left&quot;:&quot;&quot;,&quot;isLinked&quot;:true},&quot;element_pack_global_tooltip_border_radius&quot;:{&quot;unit&quot;:&quot;px&quot;,&quot;top&quot;:&quot;&quot;,&quot;right&quot;:&quot;&quot;,&quot;bottom&quot;:&quot;&quot;,&quot;left&quot;:&quot;&quot;,&quot;isLinked&quot;:true},&quot;element_pack_global_tooltip_border_radius_tablet&quot;:{&quot;unit&quot;:&quot;px&quot;,&quot;top&quot;:&quot;&quot;,&quot;right&quot;:&quot;&quot;,&quot;bottom&quot;:&quot;&quot;,&quot;left&quot;:&quot;&quot;,&quot;isLinked&quot;:true},&quot;element_pack_global_tooltip_border_radius_mobile&quot;:{&quot;unit&quot;:&quot;px&quot;,&quot;top&quot;:&quot;&quot;,&quot;right&quot;:&quot;&quot;,&quot;bottom&quot;:&quot;&quot;,&quot;left&quot;:&quot;&quot;,&quot;isLinked&quot;:true}}\" data-elementor-post-type=\"page\">\n\t\t\t\t<div class=\"elementor-element elementor-element-2d775bf e-flex e-con-boxed e-con e-parent\" data-id=\"2d775bf\" data-element_type=\"container\" data-settings=\"{&quot;background_background&quot;:&quot;classic&quot;}\">\n\t\t\t\t\t<div class=\"e-con-inner\">\n\t\t\t\t<div class=\"elementor-element elementor-element-a6c20c9 elementor-widget elementor-widget-text-editor\" data-id=\"a6c20c9\" data-element_type=\"widget\" data-widget_type=\"text-editor.default\">\n\t\t\t\t<div class=\"elementor-widget-container\">\n\t\t\t\t\t\t\t\t\t<h2 data-pm-slice=\"1 3 []\">Warum Projekte im Bereich Gesundheit und Wohlbefinden finanzieren?<\/h2><p>Der Gesundheits- und Wellnesssektor erlebt einen <strong>exponentielles Wachstum<\/strong>, angetrieben durch medizinische Innovationen, die alternde Bev\u00f6lkerung und den Aufstieg vernetzter Technologien. Die F\u00f6rderung dieses Bereichs unterst\u00fctzt nicht nur Projekte mit gro\u00dfer Wirkung, sondern tr\u00e4gt auch zu wesentlichen Fortschritten f\u00fcr die Gesellschaft bei.<\/p><p>Wir bieten L\u00f6sungen f\u00fcr <strong>flexible und angepasste Finanzierung<\/strong> auf die Bed\u00fcrfnisse von Unternehmen und Angeh\u00f6rigen der Gesundheitsberufe zugeschnitten und garantiert so die Entwicklung und Nachhaltigkeit ihrer Projekte.<\/p><h2>Unsere Finanzierungsl\u00f6sungen im Bereich Gesundheit und Wohlbefinden<\/h2><h3>1. Finanzierung von Biotechnologien<\/h3><p>Biotechnologien bilden die Grundlage des medizinischen und pharmazeutischen Fortschritts und erm\u00f6glichen die Entwicklung innovativer Behandlungen und gezielter Therapien.<\/p><p><strong>Unsere Finanzierungsangebote:<\/strong><\/p><ul data-spread=\"false\"><li><p>Unterst\u00fctzung f\u00fcr Startups, die Gen- und Zelltherapien entwickeln<\/p><\/li><li><p>Finanzierung von Unternehmen, die auf k\u00fcnstliche Intelligenz in der Medizin spezialisiert sind<\/p><\/li><li><p>Unterst\u00fctzung f\u00fcr biotechnologische Forschungslabore<\/p><\/li><\/ul><h3>2. Finanzierung der medizinischen und pharmazeutischen Forschung<\/h3><p>F\u00fcr die Bek\u00e4mpfung chronischer Erkrankungen und die Entwicklung neuer Behandlungsmethoden ist medizinische Forschung von entscheidender Bedeutung.<\/p><p><strong>Unsere Finanzierungsangebote:<\/strong><\/p><ul data-spread=\"false\"><li><p>Finanzierung von Forschungslaboren und klinischen Studien<\/p><\/li><li><p>Partnerschaften mit aufstrebenden Pharmaunternehmen<\/p><\/li><li><p>Entwicklung neuer Medikamente und Medizintechnologien<\/p><\/li><\/ul><h3>3. Finanzierung vernetzter Medizintechnik<\/h3><p>Mit dem Aufkommen digitaler Technologien ver\u00e4ndert Connected Health die Medizin, indem es eine personalisierte \u00dcberwachung und bessere Pr\u00e4vention erm\u00f6glicht.<\/p><p><strong>Unsere Finanzierungsangebote:<\/strong><\/p><ul data-spread=\"false\"><li><p>Unterst\u00fctzung f\u00fcr Unternehmen, die Telemedizin-Anwendungen entwickeln<\/p><\/li><li><p>Finanzierung vernetzter medizinischer Ger\u00e4te (Uhren, Sensoren, Implantate)<\/p><\/li><li><p>Unterst\u00fctzung von KI-Projekten zur medizinischen Diagnose<\/p><\/li><\/ul><h3>4. Finanzierung von Nahrungserg\u00e4nzungsmitteln und Ern\u00e4hrung<\/h3><p>Ern\u00e4hrung und Nahrungserg\u00e4nzungsmittel spielen eine Schl\u00fcsselrolle bei der Vorbeugung von Erkrankungen und der Optimierung der Gesundheit.<\/p><p><strong>Unsere Finanzierungsangebote:<\/strong><\/p><ul data-spread=\"false\"><li><p>Unterst\u00fctzung f\u00fcr Unternehmen, die nat\u00fcrliche und biologische Nahrungserg\u00e4nzungsmittel herstellen<\/p><\/li><li><p>Finanzierung von Functional Food-Marken und personalisierter Ern\u00e4hrung<\/p><\/li><li><p>Entwicklung von Anti-Aging- und Wellnessprodukten<\/p><\/li><\/ul><h3>5. Finanzierung von Sport und Fitness<\/h3><p>Der Sport- und Wellnessmarkt boomt, unterst\u00fctzt durch das wachsende Bewusstsein f\u00fcr k\u00f6rperliche und geistige Gesundheit.<\/p><p><strong>Unsere Finanzierungsangebote:<\/strong><\/p><ul data-spread=\"false\"><li><p>Entwicklung von Coaching-Applikationen und Fitnessprogrammen<\/p><\/li><li><p>Finanzierung vernetzter Sportartikelmarken<\/p><\/li><li><p>Unterst\u00fctzung f\u00fcr innovative Startups im Bereich Erholung und Leistung im Sport<\/p><\/li><\/ul><h3>6. Finanzierung f\u00fcr Wohlbefinden und psychische Gesundheit<\/h3><p>Stressbew\u00e4ltigung und psychische Gesundheit gewinnen f\u00fcr Privatpersonen und Unternehmen zunehmend an Bedeutung.<\/p><p><strong>Unsere Finanzierungsangebote:<\/strong><\/p><ul data-spread=\"false\"><li><p>Unterst\u00fctzung f\u00fcr Meditations- und Stressmanagement-Apps<\/p><\/li><li><p>Finanzierung digitaler Therapie- und psychologischer Beratungsplattformen<\/p><\/li><li><p>Unterst\u00fctzung f\u00fcr Unternehmen, die Naturprodukte und alternative Therapien entwickeln<\/p><\/li><\/ul>\t\t\t\t\t\t\t\t<\/div>\n\t\t\t\t<\/div>\n\t\t\t\t\t<\/div>\n\t\t\t\t<\/div>\n\t\t<div class=\"elementor-element elementor-element-24d238b e-flex e-con-boxed elementor-invisible e-con e-parent\" data-id=\"24d238b\" data-element_type=\"container\" data-settings=\"{&quot;background_background&quot;:&quot;classic&quot;,&quot;animation&quot;:&quot;fadeInUp&quot;}\">\n\t\t\t\t\t<div class=\"e-con-inner\">\n\t\t\t\t<div class=\"elementor-element elementor-element-6558e13 elementor-widget elementor-widget-text-editor\" data-id=\"6558e13\" data-element_type=\"widget\" data-widget_type=\"text-editor.default\">\n\t\t\t\t<div class=\"elementor-widget-container\">\n\t\t\t\t\t\t\t\t\t<h2 data-pm-slice=\"1 3 []\">Sicherung und Rentabilit\u00e4t der Gesundheitsfinanzierung<\/h2><p>Wir bieten <strong>ma\u00dfgeschneiderte Finanzierungsl\u00f6sungen<\/strong> an die spezifischen Entwicklungszyklen des medizinischen Sektors angepasst und garantiert so ein Gleichgewicht zwischen Profitabilit\u00e4t und gesellschaftlicher Wirkung.<\/p><h3><strong>Zur Verf\u00fcgung stehende Finanzierungsarten:<\/strong><\/h3><p>\u2705 <strong>Kredite f\u00fcr die Entwicklung innovativer Projekte<\/strong> \u2705 <strong>Investitionen in medizinische Infrastruktur und Ausr\u00fcstung<\/strong> \u2705 <strong>Strategische Unterst\u00fctzung und Partnerschaften mit Unternehmen der Branche<\/strong><\/p><h3><strong>Durchschnittliche Rentabilit\u00e4t der finanzierten Projekte:<\/strong><\/h3><ul data-spread=\"false\"><li><p><strong>Biotechnologien:<\/strong> 8-15% pro Jahr<\/p><\/li><li><p><strong>Medizintechnik:<\/strong> 6-10% pro Jahr<\/p><\/li><li><p><strong>Nahrungserg\u00e4nzungsmittel:<\/strong> 5-12% pro Jahr<\/p><\/li><\/ul>\t\t\t\t\t\t\t\t<\/div>\n\t\t\t\t<\/div>\n\t\t\t\t\t<\/div>\n\t\t\t\t<\/div>\n\t\t<div class=\"elementor-element elementor-element-5030fbc e-flex e-con-boxed elementor-invisible e-con e-parent\" data-id=\"5030fbc\" data-element_type=\"container\" data-settings=\"{&quot;background_background&quot;:&quot;classic&quot;,&quot;animation&quot;:&quot;fadeInUp&quot;}\">\n\t\t\t\t\t<div class=\"e-con-inner\">\n\t\t\t\t<div class=\"elementor-element elementor-element-9e52123 elementor-widget elementor-widget-text-editor\" data-id=\"9e52123\" data-element_type=\"widget\" data-widget_type=\"text-editor.default\">\n\t\t\t\t<div class=\"elementor-widget-container\">\n\t\t\t\t\t\t\t\t\t<h2 data-pm-slice=\"1 3 []\"><span style=\"color: #ffffff;\">Wer kann von unserer Finanzierung profitieren?<\/span><\/h2><h3><span style=\"color: #ffffff;\"><strong>Unternehmen und Angeh\u00f6rige der Gesundheitsberufe<\/strong><\/span><\/h3><ul data-spread=\"false\"><li><p><span style=\"color: #ffffff;\">Auf- und Ausbau von Forschungslaboren<\/span><\/p><\/li><li><p><span style=\"color: #ffffff;\">Unterst\u00fctzung f\u00fcr MedTech- und HealthTech-Unternehmen<\/span><\/p><\/li><li><p><span style=\"color: #ffffff;\">Unterst\u00fctzung f\u00fcr Hersteller medizinischer Ger\u00e4te<\/span><\/p><\/li><\/ul><h3><span style=\"color: #ffffff;\"><strong>Startups und innovative Akteure<\/strong><\/span><\/h3><ul data-spread=\"false\"><li><p><span style=\"color: #ffffff;\">Finanzierung neuer medizinischer Technologien<\/span><\/p><\/li><li><p><span style=\"color: #ffffff;\">Entwicklung digitaler L\u00f6sungen und k\u00fcnstlicher Intelligenz<\/span><\/p><\/li><li><p><span style=\"color: #ffffff;\">Unterst\u00fctzung bei der Einf\u00fchrung und Industrialisierung von Produkten<\/span><\/p><\/li><\/ul>\t\t\t\t\t\t\t\t<\/div>\n\t\t\t\t<\/div>\n\t\t\t\t\t<\/div>\n\t\t\t\t<\/div>\n\t\t<div class=\"elementor-element elementor-element-4496e58 e-flex e-con-boxed elementor-invisible e-con e-parent\" data-id=\"4496e58\" data-element_type=\"container\" data-settings=\"{&quot;background_background&quot;:&quot;classic&quot;,&quot;animation&quot;:&quot;fadeInUp&quot;}\">\n\t\t\t\t\t<div class=\"e-con-inner\">\n\t\t\t\t<div class=\"elementor-element elementor-element-841cae1 elementor-widget elementor-widget-text-editor\" data-id=\"841cae1\" data-element_type=\"widget\" data-widget_type=\"text-editor.default\">\n\t\t\t\t<div class=\"elementor-widget-container\">\n\t\t\t\t\t\t\t\t\t<h2 data-pm-slice=\"1 1 []\">Warum sollten Sie sich f\u00fcr unsere Investorengruppe entscheiden?<\/h2><p>Unsere Expertise erm\u00f6glicht es uns, die <strong>beste Finanzierungsm\u00f6glichkeiten<\/strong> an Gesundheit und Wohlbefinden. Wir unterst\u00fctzen Projektleiter mit ma\u00dfgeschneiderten L\u00f6sungen und <strong>optimierte Finanzierungskonditionen<\/strong>.<\/p><h3><strong>Unsere Vorteile:<\/strong><\/h3><p>\u2705 <strong>Zugang zu vorteilhaften und flexiblen Finanzierungen<\/strong> \u2705 <strong>Wettbewerbsf\u00e4hige Preise, zugeschnitten auf Projekte im Gesundheitswesen<\/strong> \u2705 <strong>Personalisierte Unterst\u00fctzung zur Maximierung der Wirkung<\/strong> \u2705 <strong>Strenge Auswahl der gef\u00f6rderten Projekte<\/strong><\/p>\t\t\t\t\t\t\t\t<\/div>\n\t\t\t\t<\/div>\n\t\t\t\t\t<\/div>\n\t\t\t\t<\/div>\n\t\t<div class=\"elementor-element elementor-element-09dbc4d e-flex e-con-boxed elementor-invisible e-con e-parent\" data-id=\"09dbc4d\" data-element_type=\"container\" data-settings=\"{&quot;background_background&quot;:&quot;classic&quot;,&quot;animation&quot;:&quot;fadeInUp&quot;}\">\n\t\t\t\t\t<div class=\"e-con-inner\">\n\t\t\t\t<div class=\"elementor-element elementor-element-750fad3 elementor-widget elementor-widget-heading\" data-id=\"750fad3\" data-element_type=\"widget\" data-widget_type=\"heading.default\">\n\t\t\t\t<div class=\"elementor-widget-container\">\n\t\t\t\t\t<h2 class=\"elementor-heading-title elementor-size-default\">Sichern Sie sich noch heute Ihre Finanzierung!<\/h2>\t\t\t\t<\/div>\n\t\t\t\t<\/div>\n\t\t\t\t<div class=\"elementor-element elementor-element-34ae029 elementor-widget elementor-widget-text-editor\" data-id=\"34ae029\" data-element_type=\"widget\" data-widget_type=\"text-editor.default\">\n\t\t\t\t<div class=\"elementor-widget-container\">\n\t\t\t\t\t\t\t\t\t<p data-pm-slice=\"1 1 []\">Lassen Sie Ihr Gesundheits- und Wohlf\u00fchlprojekt mit optimalen Konditionen und ma\u00dfgeschneiderter Betreuung finanzieren.<\/p>\t\t\t\t\t\t\t\t<\/div>\n\t\t\t\t<\/div>\n\t\t\t\t<div class=\"elementor-element elementor-element-60702e4 elementor-align-center elementor-widget elementor-widget-button\" data-id=\"60702e4\" data-element_type=\"widget\" data-widget_type=\"button.default\">\n\t\t\t\t<div class=\"elementor-widget-container\">\n\t\t\t\t\t\t\t\t\t<div class=\"elementor-button-wrapper\">\n\t\t\t\t\t<a class=\"elementor-button elementor-button-link elementor-size-sm\" href=\"https:\/\/flexifinanz.com\/de\/demander-un-financement\/\">\n\t\t\t\t\t\t<span class=\"elementor-button-content-wrapper\">\n\t\t\t\t\t\t<span class=\"elementor-button-icon\">\n\t\t\t\t<svg aria-hidden=\"true\" class=\"e-font-icon-svg e-fas-arrow-right\" viewbox=\"0 0 448 512\" xmlns=\"http:\/\/www.w3.org\/2000\/svg\"><path d=\"M190.5 66.9l22.2-22.2c9.4-9.4 24.6-9.4 33.9 0L441 239c9.4 9.4 9.4 24.6 0 33.9L246.6 467.3c-9.4 9.4-24.6 9.4-33.9 0l-22.2-22.2c-9.5-9.5-9.3-25 .4-34.3L311.4 296H24c-13.3 0-24-10.7-24-24v-32c0-13.3 10.7-24 24-24h287.4L190.9 101.2c-9.8-9.3-10-24.8-.4-34.3z\"><\/path><\/svg>\t\t\t<\/span>\n\t\t\t\t\t\t\t\t\t<span class=\"elementor-button-text\">F\u00f6rdermittel beantragen<\/span>\n\t\t\t\t\t<\/span>\n\t\t\t\t\t<\/a>\n\t\t\t\t<\/div>\n\t\t\t\t\t\t\t\t<\/div>\n\t\t\t\t<\/div>\n\t\t\t\t\t<\/div>\n\t\t\t\t<\/div>\n\t\t\t\t<\/div>","protected":false},"excerpt":{"rendered":"<p>Pourquoi financer des projets dans la sant\u00e9 et le bien-\u00eatre ? Le secteur de la sant\u00e9 et du bien-\u00eatre conna\u00eet une croissance [&hellip;]<\/p>","protected":false},"author":1,"featured_media":333,"parent":201,"menu_order":0,"comment_status":"closed","ping_status":"closed","template":"","meta":{"om_disable_all_campaigns":false,"_monsterinsights_skip_tracking":false,"_monsterinsights_sitenote_active":false,"_monsterinsights_sitenote_note":"","_monsterinsights_sitenote_category":0,"footnotes":""},"class_list":["post-135","page","type-page","status-publish","has-post-thumbnail","hentry"],"aioseo_notices":[],"_links":{"self":[{"href":"https:\/\/flexifinanz.com\/de\/wp-json\/wp\/v2\/pages\/135","targetHints":{"allow":["GET"]}}],"collection":[{"href":"https:\/\/flexifinanz.com\/de\/wp-json\/wp\/v2\/pages"}],"about":[{"href":"https:\/\/flexifinanz.com\/de\/wp-json\/wp\/v2\/types\/page"}],"author":[{"embeddable":true,"href":"https:\/\/flexifinanz.com\/de\/wp-json\/wp\/v2\/users\/1"}],"replies":[{"embeddable":true,"href":"https:\/\/flexifinanz.com\/de\/wp-json\/wp\/v2\/comments?post=135"}],"version-history":[{"count":0,"href":"https:\/\/flexifinanz.com\/de\/wp-json\/wp\/v2\/pages\/135\/revisions"}],"up":[{"embeddable":true,"href":"https:\/\/flexifinanz.com\/de\/wp-json\/wp\/v2\/pages\/201"}],"wp:featuredmedia":[{"embeddable":true,"href":"https:\/\/flexifinanz.com\/de\/wp-json\/wp\/v2\/media\/333"}],"wp:attachment":[{"href":"https:\/\/flexifinanz.com\/de\/wp-json\/wp\/v2\/media?parent=135"}],"curies":[{"name":"wp","href":"https:\/\/api.w.org\/{rel}","templated":true}]}}