{"id":129,"date":"2025-02-20T13:58:47","date_gmt":"2025-02-20T12:58:47","guid":{"rendered":"https:\/\/flexifinanz.com\/?page_id=129"},"modified":"2025-02-25T19:24:36","modified_gmt":"2025-02-25T18:24:36","slug":"finanzieren-erneuerbare-energien-und-umwelt","status":"publish","type":"page","link":"https:\/\/flexifinanz.com\/de\/finanzierung-nach-laufzeit\/finanzieren-erneuerbare-energien-und-umwelt\/","title":{"rendered":"Finanzierung erneuerbarer Energien und Umwelt"},"content":{"rendered":"<div data-elementor-type=\"wp-page\" data-elementor-id=\"129\" class=\"elementor elementor-129\" data-elementor-settings=\"{&quot;element_pack_global_tooltip_width&quot;:{&quot;unit&quot;:&quot;px&quot;,&quot;size&quot;:&quot;&quot;,&quot;sizes&quot;:[]},&quot;element_pack_global_tooltip_width_tablet&quot;:{&quot;unit&quot;:&quot;px&quot;,&quot;size&quot;:&quot;&quot;,&quot;sizes&quot;:[]},&quot;element_pack_global_tooltip_width_mobile&quot;:{&quot;unit&quot;:&quot;px&quot;,&quot;size&quot;:&quot;&quot;,&quot;sizes&quot;:[]},&quot;element_pack_global_tooltip_padding&quot;:{&quot;unit&quot;:&quot;px&quot;,&quot;top&quot;:&quot;&quot;,&quot;right&quot;:&quot;&quot;,&quot;bottom&quot;:&quot;&quot;,&quot;left&quot;:&quot;&quot;,&quot;isLinked&quot;:true},&quot;element_pack_global_tooltip_padding_tablet&quot;:{&quot;unit&quot;:&quot;px&quot;,&quot;top&quot;:&quot;&quot;,&quot;right&quot;:&quot;&quot;,&quot;bottom&quot;:&quot;&quot;,&quot;left&quot;:&quot;&quot;,&quot;isLinked&quot;:true},&quot;element_pack_global_tooltip_padding_mobile&quot;:{&quot;unit&quot;:&quot;px&quot;,&quot;top&quot;:&quot;&quot;,&quot;right&quot;:&quot;&quot;,&quot;bottom&quot;:&quot;&quot;,&quot;left&quot;:&quot;&quot;,&quot;isLinked&quot;:true},&quot;element_pack_global_tooltip_border_radius&quot;:{&quot;unit&quot;:&quot;px&quot;,&quot;top&quot;:&quot;&quot;,&quot;right&quot;:&quot;&quot;,&quot;bottom&quot;:&quot;&quot;,&quot;left&quot;:&quot;&quot;,&quot;isLinked&quot;:true},&quot;element_pack_global_tooltip_border_radius_tablet&quot;:{&quot;unit&quot;:&quot;px&quot;,&quot;top&quot;:&quot;&quot;,&quot;right&quot;:&quot;&quot;,&quot;bottom&quot;:&quot;&quot;,&quot;left&quot;:&quot;&quot;,&quot;isLinked&quot;:true},&quot;element_pack_global_tooltip_border_radius_mobile&quot;:{&quot;unit&quot;:&quot;px&quot;,&quot;top&quot;:&quot;&quot;,&quot;right&quot;:&quot;&quot;,&quot;bottom&quot;:&quot;&quot;,&quot;left&quot;:&quot;&quot;,&quot;isLinked&quot;:true}}\" data-elementor-post-type=\"page\">\n\t\t\t\t<div class=\"elementor-element elementor-element-a1aac80 e-flex e-con-boxed e-con e-parent\" data-id=\"a1aac80\" data-element_type=\"container\" data-settings=\"{&quot;background_background&quot;:&quot;classic&quot;}\">\n\t\t\t\t\t<div class=\"e-con-inner\">\n\t\t\t\t<div class=\"elementor-element elementor-element-662c5be elementor-widget elementor-widget-text-editor\" data-id=\"662c5be\" data-element_type=\"widget\" data-widget_type=\"text-editor.default\">\n\t\t\t\t<div class=\"elementor-widget-container\">\n\t\t\t\t\t\t\t\t\t<h2 data-pm-slice=\"1 3 []\">Warum Projekte f\u00fcr erneuerbare Energien finanzieren?<\/h2><p>Da der \u00f6kologische Wandel auf Hochtouren l\u00e4uft, stellt der Sektor der erneuerbaren Energien eine <strong>strategische Chance<\/strong> f\u00fcr eine nachhaltige Entwicklung. Der Klimanotstand, g\u00fcnstige Regelungen und technologische Innovationen machen diesen Bereich zu einem wichtigen Wachstumshebel.<\/p><p>Wir finanzieren Projekte, die darauf abzielen, die Einf\u00fchrung sauberer Energie zu beschleunigen, das Management nat\u00fcrlicher Ressourcen zu optimieren und innovative L\u00f6sungen f\u00fcr eine <strong>nachhaltigere Zukunft<\/strong>.<\/p><h2>Unsere Finanzierungsl\u00f6sungen im Bereich Energie und Umwelt<\/h2><h3>\u2600\ufe0f <strong>Finanzierung Erneuerbarer Energien (Solar, Wind, Wasserstoff)<\/strong><\/h3><p>Um fossile Brennstoffe schrittweise zu ersetzen, ist die Entwicklung sauberer Energien unabdingbar.<\/p><p><strong>Unsere Finanzierungsangebote:<\/strong><\/p><ul data-spread=\"false\"><li><p>Entwicklung und Ausbau von Solar- und Windparks<\/p><\/li><li><p>F\u00f6rderung der Wasserstoff-Infrastruktur f\u00fcr Verkehr und Industrie<\/p><\/li><li><p>Unterst\u00fctzung von Unternehmen bei der Energiewende<\/p><\/li><\/ul><h3>\ud83d\ude97 <strong>Finanzierung nachhaltiger Mobilit\u00e4t<\/strong><\/h3><p>Der Aufstieg von Elektrofahrzeugen und umweltfreundlichen Transportl\u00f6sungen schafft neue M\u00f6glichkeiten.<\/p><p><strong>Unsere Finanzierungsangebote:<\/strong><\/p><ul data-spread=\"false\"><li><p>Installation von Elektroladestationen<\/p><\/li><li><p>Produktion und Lagerung von Batterien f\u00fcr saubere Fahrzeuge<\/p><\/li><li><p>Entwicklung eines \u00f6kologischen \u00f6ffentlichen Nahverkehrs<\/p><\/li><\/ul><h3>\ud83d\udd04 <strong>Finanzierung von Abfallwirtschaft und Recycling<\/strong><\/h3><p>Abfalloptimierung und -verwertung sind zentrale Umweltthemen.<\/p><p><strong>Unsere Finanzierungsangebote:<\/strong><\/p><ul data-spread=\"false\"><li><p>Unterst\u00fctzung f\u00fcr Recycling- und Entsorgungsunternehmen<\/p><\/li><li><p>Finanzierung von Abfall-zu-Energie-Projekten<\/p><\/li><li><p>Unterst\u00fctzung der Industrie bei der Entwicklung umweltvertr\u00e4glicher L\u00f6sungen<\/p><\/li><\/ul><h3>\ud83c\udf31 <strong>Finanzierung nachhaltiger Landwirtschaft und Agrar\u00f6kologie<\/strong><\/h3><p>Eine verantwortungsvolle Landwirtschaft ist eine S\u00e4ule der Erhaltung der nat\u00fcrlichen Ressourcen.<\/p><p><strong>Unsere Finanzierungsangebote:<\/strong><\/p><ul data-spread=\"false\"><li><p>Entwicklung \u00f6kologisch verantwortungsvoller landwirtschaftlicher Betriebe<\/p><\/li><li><p>Unterst\u00fctzung von Technologien zur Optimierung der Bew\u00e4sserung und D\u00fcngung<\/p><\/li><li><p>Finanzierung von Kurzschl\u00fcssen und \u00f6kologischer Landwirtschaft<\/p><\/li><\/ul><h3>\ud83d\udca7 <strong>Finanzierung von Wassertechnologien<\/strong><\/h3><p>Der Zugang zu Trinkwasser und seine effiziente Bewirtschaftung stellen gro\u00dfe \u00f6kologische Herausforderungen dar.<\/p><p><strong>Unsere Finanzierungsangebote:<\/strong><\/p><ul data-spread=\"false\"><li><p>Wasserentsalzungs- und -reinigungsprojekte<\/p><\/li><li><p>Technologien zur Wassergewinnung und -speicherung<\/p><\/li><li><p>Entwicklung intelligenter Netzwerke zur Verbrauchsoptimierung<\/p><\/li><\/ul><h3>\u267b\ufe0f <strong>Finanzierung der Kreislaufwirtschaft<\/strong><\/h3><p>Der \u00dcbergang zu einer Kreislaufwirtschaft verringert den \u00f6kologischen Fu\u00dfabdruck der Industrie.<\/p><p><strong>Unsere Finanzierungsangebote:<\/strong><\/p><ul data-spread=\"false\"><li><p>Unterst\u00fctzung f\u00fcr Abfallverwertungsunternehmen<\/p><\/li><li><p>Innovationen im industriellen Recycling finanzieren<\/p><\/li><li><p>Entwicklung von L\u00f6sungen zur Reduzierung des CO2-Fu\u00dfabdrucks<\/p><\/li><\/ul>\t\t\t\t\t\t\t\t<\/div>\n\t\t\t\t<\/div>\n\t\t\t\t\t<\/div>\n\t\t\t\t<\/div>\n\t\t<div class=\"elementor-element elementor-element-b7ecdc4 e-flex e-con-boxed elementor-invisible e-con e-parent\" data-id=\"b7ecdc4\" data-element_type=\"container\" data-settings=\"{&quot;background_background&quot;:&quot;classic&quot;,&quot;animation&quot;:&quot;fadeInUp&quot;}\">\n\t\t\t\t\t<div class=\"e-con-inner\">\n\t\t\t\t<div class=\"elementor-element elementor-element-800cdf8 elementor-widget elementor-widget-text-editor\" data-id=\"800cdf8\" data-element_type=\"widget\" data-widget_type=\"text-editor.default\">\n\t\t\t\t<div class=\"elementor-widget-container\">\n\t\t\t\t\t\t\t\t\t<h2 data-pm-slice=\"1 3 []\">Erneuerbare Energien sicher und rentabel finanzieren<\/h2><p>Wir unterst\u00fctzen unsere Partner mit <strong>ma\u00dfgeschneiderte Finanzierungsl\u00f6sungen<\/strong>, angepasst an Marktentwicklungen und nachhaltige Profitabilit\u00e4tsziele.<\/p><h3><strong>Zur Verf\u00fcgung stehende Finanzierungsarten:<\/strong><\/h3><p>\u2705 <strong>Direkte Projektfinanzierung<\/strong> \u2705 <strong>Partnerschaften mit innovativen Unternehmen und Startups<\/strong> \u2705 <strong>Strategische und operative Unterst\u00fctzung<\/strong><\/p><h3><strong>Durchschnittliche Rentabilit\u00e4t der finanzierten Projekte:<\/strong><\/h3><ul data-spread=\"false\"><li><p><strong>Sonne und Wind:<\/strong> 5-8% pro Jahr<\/p><\/li><li><p><strong>Gr\u00fcner Wasserstoff:<\/strong> Starkes langfristiges Potenzial<\/p><\/li><li><p><strong>Abfallwirtschaft und Recycling:<\/strong> 7-10% pro Jahr<\/p><\/li><\/ul>\t\t\t\t\t\t\t\t<\/div>\n\t\t\t\t<\/div>\n\t\t\t\t\t<\/div>\n\t\t\t\t<\/div>\n\t\t<div class=\"elementor-element elementor-element-bd9d8a7 e-flex e-con-boxed elementor-invisible e-con e-parent\" data-id=\"bd9d8a7\" data-element_type=\"container\" data-settings=\"{&quot;background_background&quot;:&quot;classic&quot;,&quot;animation&quot;:&quot;fadeInUp&quot;}\">\n\t\t\t\t\t<div class=\"e-con-inner\">\n\t\t\t\t<div class=\"elementor-element elementor-element-bfcf760 elementor-widget elementor-widget-text-editor\" data-id=\"bfcf760\" data-element_type=\"widget\" data-widget_type=\"text-editor.default\">\n\t\t\t\t<div class=\"elementor-widget-container\">\n\t\t\t\t\t\t\t\t\t<h2 data-pm-slice=\"1 3 []\"><span style=\"color: #ffffff;\">Wer kann von unserer Finanzierung profitieren?<\/span><\/h2><h3><span style=\"color: #ffffff;\"><strong>Unternehmen und Fachleute<\/strong><\/span><\/h3><ul data-spread=\"false\"><li><p><span style=\"color: #ffffff;\">Finanzierung neuer Energieinfrastruktur<\/span><\/p><\/li><li><p><span style=\"color: #ffffff;\">Unterst\u00fctzung f\u00fcr Startups und Unternehmen, die sich auf gr\u00fcne Energie spezialisieren<\/span><\/p><\/li><li><p><span style=\"color: #ffffff;\">Unterst\u00fctzung der Integration erneuerbarer Energien in industrielle Prozesse<\/span><\/p><\/li><\/ul><h3><span style=\"color: #ffffff;\"><strong>Gemeinschaften und Organisationen<\/strong><\/span><\/h3><ul data-spread=\"false\"><li><p><span style=\"color: #ffffff;\">Entwicklung von Projekten zur Energieautonomie<\/span><\/p><\/li><li><p><span style=\"color: #ffffff;\">Finanzierung nachhaltiger L\u00f6sungen f\u00fcr die Wasser- und Abfallwirtschaft<\/span><\/p><\/li><li><p><span style=\"color: #ffffff;\">Unterst\u00fctzung lokaler Initiativen f\u00fcr den \u00f6kologischen Wandel<\/span><\/p><\/li><\/ul>\t\t\t\t\t\t\t\t<\/div>\n\t\t\t\t<\/div>\n\t\t\t\t\t<\/div>\n\t\t\t\t<\/div>\n\t\t<div class=\"elementor-element elementor-element-ef6d02e e-flex e-con-boxed elementor-invisible e-con e-parent\" data-id=\"ef6d02e\" data-element_type=\"container\" data-settings=\"{&quot;background_background&quot;:&quot;classic&quot;,&quot;animation&quot;:&quot;fadeInUp&quot;}\">\n\t\t\t\t\t<div class=\"e-con-inner\">\n\t\t\t\t<div class=\"elementor-element elementor-element-f462507 elementor-widget elementor-widget-text-editor\" data-id=\"f462507\" data-element_type=\"widget\" data-widget_type=\"text-editor.default\">\n\t\t\t\t<div class=\"elementor-widget-container\">\n\t\t\t\t\t\t\t\t\t<h2 data-pm-slice=\"1 1 []\">Warum sollten Sie sich f\u00fcr unsere Investorengruppe entscheiden?<\/h2><p>Wir bieten <strong>eine strategische Hauptstadt<\/strong> Projekte finanzieren <strong>innovativ, verantwortungsvoll und profitabel<\/strong>und garantiert gleichzeitig eine <strong>kompetente Unterst\u00fctzung<\/strong>.<\/p><h3><strong>Unsere Vorteile:<\/strong><\/h3><p>\u2705 <strong>Zugang zu vorteilhaften und flexiblen Finanzierungen<\/strong> \u2705 <strong>Wettbewerbsf\u00e4hige Preise, angepasst an nachhaltige Projekte<\/strong> \u2705 <strong>Personalisierte Unterst\u00fctzung zur Maximierung der Wirkung<\/strong> \u2705 <strong>Strenge Auswahl der gef\u00f6rderten Projekte<\/strong><\/p>\t\t\t\t\t\t\t\t<\/div>\n\t\t\t\t<\/div>\n\t\t\t\t\t<\/div>\n\t\t\t\t<\/div>\n\t\t<div class=\"elementor-element elementor-element-974bc00 e-flex e-con-boxed elementor-invisible e-con e-parent\" data-id=\"974bc00\" data-element_type=\"container\" data-settings=\"{&quot;background_background&quot;:&quot;classic&quot;,&quot;animation&quot;:&quot;fadeInUp&quot;}\">\n\t\t\t\t\t<div class=\"e-con-inner\">\n\t\t\t\t<div class=\"elementor-element elementor-element-1a3c3dd elementor-widget elementor-widget-heading\" data-id=\"1a3c3dd\" data-element_type=\"widget\" data-widget_type=\"heading.default\">\n\t\t\t\t<div class=\"elementor-widget-container\">\n\t\t\t\t\t<h2 class=\"elementor-heading-title elementor-size-default\">Sichern Sie sich noch heute Ihre Finanzierung!<\/h2>\t\t\t\t<\/div>\n\t\t\t\t<\/div>\n\t\t\t\t<div class=\"elementor-element elementor-element-d8b0f8a elementor-widget elementor-widget-text-editor\" data-id=\"d8b0f8a\" data-element_type=\"widget\" data-widget_type=\"text-editor.default\">\n\t\t\t\t<div class=\"elementor-widget-container\">\n\t\t\t\t\t\t\t\t\t<p data-pm-slice=\"1 1 []\">Lassen Sie Ihr Erneuerbare-Energien- und Umweltprojekt zu optimalen Konditionen und mit ma\u00dfgeschneiderter Betreuung finanzieren.<\/p>\t\t\t\t\t\t\t\t<\/div>\n\t\t\t\t<\/div>\n\t\t\t\t<div class=\"elementor-element elementor-element-db2b3a3 elementor-align-center elementor-widget elementor-widget-button\" data-id=\"db2b3a3\" data-element_type=\"widget\" data-widget_type=\"button.default\">\n\t\t\t\t<div class=\"elementor-widget-container\">\n\t\t\t\t\t\t\t\t\t<div class=\"elementor-button-wrapper\">\n\t\t\t\t\t<a class=\"elementor-button elementor-button-link elementor-size-sm\" href=\"https:\/\/flexifinanz.com\/de\/demander-un-financement\/\">\n\t\t\t\t\t\t<span class=\"elementor-button-content-wrapper\">\n\t\t\t\t\t\t<span class=\"elementor-button-icon\">\n\t\t\t\t<svg aria-hidden=\"true\" class=\"e-font-icon-svg e-fas-arrow-right\" viewbox=\"0 0 448 512\" xmlns=\"http:\/\/www.w3.org\/2000\/svg\"><path d=\"M190.5 66.9l22.2-22.2c9.4-9.4 24.6-9.4 33.9 0L441 239c9.4 9.4 9.4 24.6 0 33.9L246.6 467.3c-9.4 9.4-24.6 9.4-33.9 0l-22.2-22.2c-9.5-9.5-9.3-25 .4-34.3L311.4 296H24c-13.3 0-24-10.7-24-24v-32c0-13.3 10.7-24 24-24h287.4L190.9 101.2c-9.8-9.3-10-24.8-.4-34.3z\"><\/path><\/svg>\t\t\t<\/span>\n\t\t\t\t\t\t\t\t\t<span class=\"elementor-button-text\">F\u00f6rdermittel beantragen<\/span>\n\t\t\t\t\t<\/span>\n\t\t\t\t\t<\/a>\n\t\t\t\t<\/div>\n\t\t\t\t\t\t\t\t<\/div>\n\t\t\t\t<\/div>\n\t\t\t\t\t<\/div>\n\t\t\t\t<\/div>\n\t\t\t\t<\/div>","protected":false},"excerpt":{"rendered":"<p>Pourquoi financer des projets dans les \u00e9nergies renouvelables ? Avec la transition \u00e9cologique en pleine acc\u00e9l\u00e9ration, le secteur des \u00e9nergies renouvelables repr\u00e9sente [&hellip;]<\/p>","protected":false},"author":1,"featured_media":332,"parent":192,"menu_order":0,"comment_status":"closed","ping_status":"closed","template":"","meta":{"om_disable_all_campaigns":false,"_monsterinsights_skip_tracking":false,"_monsterinsights_sitenote_active":false,"_monsterinsights_sitenote_note":"","_monsterinsights_sitenote_category":0,"footnotes":""},"class_list":["post-129","page","type-page","status-publish","has-post-thumbnail","hentry"],"aioseo_notices":[],"_links":{"self":[{"href":"https:\/\/flexifinanz.com\/de\/wp-json\/wp\/v2\/pages\/129","targetHints":{"allow":["GET"]}}],"collection":[{"href":"https:\/\/flexifinanz.com\/de\/wp-json\/wp\/v2\/pages"}],"about":[{"href":"https:\/\/flexifinanz.com\/de\/wp-json\/wp\/v2\/types\/page"}],"author":[{"embeddable":true,"href":"https:\/\/flexifinanz.com\/de\/wp-json\/wp\/v2\/users\/1"}],"replies":[{"embeddable":true,"href":"https:\/\/flexifinanz.com\/de\/wp-json\/wp\/v2\/comments?post=129"}],"version-history":[{"count":0,"href":"https:\/\/flexifinanz.com\/de\/wp-json\/wp\/v2\/pages\/129\/revisions"}],"up":[{"embeddable":true,"href":"https:\/\/flexifinanz.com\/de\/wp-json\/wp\/v2\/pages\/192"}],"wp:featuredmedia":[{"embeddable":true,"href":"https:\/\/flexifinanz.com\/de\/wp-json\/wp\/v2\/media\/332"}],"wp:attachment":[{"href":"https:\/\/flexifinanz.com\/de\/wp-json\/wp\/v2\/media?parent=129"}],"curies":[{"name":"wp","href":"https:\/\/api.w.org\/{rel}","templated":true}]}}