{"id":124,"date":"2025-02-20T13:54:11","date_gmt":"2025-02-20T12:54:11","guid":{"rendered":"https:\/\/flexifinanz.com\/?page_id=124"},"modified":"2025-02-25T18:45:28","modified_gmt":"2025-02-25T17:45:28","slug":"finanzen-immobilien","status":"publish","type":"page","link":"https:\/\/flexifinanz.com\/de\/finanzierung-nach-laufzeit\/finanzen-immobilien\/","title":{"rendered":"Immobilienfinanzierung: Unterst\u00fctzen Sie Ihre Projekte mit unseren L\u00f6sungen"},"content":{"rendered":"<div data-elementor-type=\"wp-page\" data-elementor-id=\"124\" class=\"elementor elementor-124\" data-elementor-settings=\"{&quot;element_pack_global_tooltip_width&quot;:{&quot;unit&quot;:&quot;px&quot;,&quot;size&quot;:&quot;&quot;,&quot;sizes&quot;:[]},&quot;element_pack_global_tooltip_width_tablet&quot;:{&quot;unit&quot;:&quot;px&quot;,&quot;size&quot;:&quot;&quot;,&quot;sizes&quot;:[]},&quot;element_pack_global_tooltip_width_mobile&quot;:{&quot;unit&quot;:&quot;px&quot;,&quot;size&quot;:&quot;&quot;,&quot;sizes&quot;:[]},&quot;element_pack_global_tooltip_padding&quot;:{&quot;unit&quot;:&quot;px&quot;,&quot;top&quot;:&quot;&quot;,&quot;right&quot;:&quot;&quot;,&quot;bottom&quot;:&quot;&quot;,&quot;left&quot;:&quot;&quot;,&quot;isLinked&quot;:true},&quot;element_pack_global_tooltip_padding_tablet&quot;:{&quot;unit&quot;:&quot;px&quot;,&quot;top&quot;:&quot;&quot;,&quot;right&quot;:&quot;&quot;,&quot;bottom&quot;:&quot;&quot;,&quot;left&quot;:&quot;&quot;,&quot;isLinked&quot;:true},&quot;element_pack_global_tooltip_padding_mobile&quot;:{&quot;unit&quot;:&quot;px&quot;,&quot;top&quot;:&quot;&quot;,&quot;right&quot;:&quot;&quot;,&quot;bottom&quot;:&quot;&quot;,&quot;left&quot;:&quot;&quot;,&quot;isLinked&quot;:true},&quot;element_pack_global_tooltip_border_radius&quot;:{&quot;unit&quot;:&quot;px&quot;,&quot;top&quot;:&quot;&quot;,&quot;right&quot;:&quot;&quot;,&quot;bottom&quot;:&quot;&quot;,&quot;left&quot;:&quot;&quot;,&quot;isLinked&quot;:true},&quot;element_pack_global_tooltip_border_radius_tablet&quot;:{&quot;unit&quot;:&quot;px&quot;,&quot;top&quot;:&quot;&quot;,&quot;right&quot;:&quot;&quot;,&quot;bottom&quot;:&quot;&quot;,&quot;left&quot;:&quot;&quot;,&quot;isLinked&quot;:true},&quot;element_pack_global_tooltip_border_radius_mobile&quot;:{&quot;unit&quot;:&quot;px&quot;,&quot;top&quot;:&quot;&quot;,&quot;right&quot;:&quot;&quot;,&quot;bottom&quot;:&quot;&quot;,&quot;left&quot;:&quot;&quot;,&quot;isLinked&quot;:true}}\" data-elementor-post-type=\"page\">\n\t\t\t\t<div class=\"elementor-element elementor-element-0c25459 e-flex e-con-boxed e-con e-parent\" data-id=\"0c25459\" data-element_type=\"container\" data-settings=\"{&quot;background_background&quot;:&quot;classic&quot;}\">\n\t\t\t\t\t<div class=\"e-con-inner\">\n\t\t\t\t<div class=\"elementor-element elementor-element-c107f7f elementor-widget elementor-widget-text-editor\" data-id=\"c107f7f\" data-element_type=\"widget\" data-widget_type=\"text-editor.default\">\n\t\t\t\t<div class=\"elementor-widget-container\">\n\t\t\t\t\t\t\t\t\t<h2 data-pm-slice=\"1 3 []\">Warum sollten Sie sich f\u00fcr unsere Immobilienfinanzierung entscheiden?<\/h2><p>Wir sind eine Gruppe von Investoren, spezialisiert auf die <strong>Finanzierung von Immobilienprojekten<\/strong>. Ob Sie Entwickler, Investor oder Unternehmen sind, wir bieten Ihnen: <strong>die notwendigen finanziellen Mittel<\/strong> um Ihr Projekt Wirklichkeit werden zu lassen. Dank unserer flexiblen L\u00f6sungen und unserer <strong>vorteilhafter Tarif<\/strong>, wir erleichtern den Zugang zu Finanzierungen, um Ihre Rentabilit\u00e4t zu maximieren und Ihre Investition zu sichern.<\/p><p>Unsere Mission: <strong>begleiten Sie auf jeder Etappe<\/strong>, von der Finanzplanung bis zur Fertigstellung Ihres Immobilienprojektes.<\/p><h2>Unsere Immobilienfinanzierungsl\u00f6sungen<\/h2><h3>\ud83c\udfe1 <strong>Wohnimmobilienfinanzierung<\/strong><\/h3><p>Wir finanzieren den Erwerb und den Bau von Wohnimmobilien zur Vermietung oder zum Weiterverkauf.<\/p><p><strong>Unsere Finanzierungsangebote:<\/strong><\/p><ul data-spread=\"false\"><li><p>Erwerb von Erst- und Zweitwohnsitzen<\/p><\/li><li><p>Entwicklung von Wohnimmobilienprogrammen<\/p><\/li><li><p>Finanzierung von Mietprojekten<\/p><\/li><\/ul><h3>\ud83c\udfe2 <strong>Gewerbliche Immobilienfinanzierung<\/strong><\/h3><p>B\u00fcros, Gesch\u00e4ftsr\u00e4ume und Business Center ben\u00f6tigen eine auf ihre Entwicklung abgestimmte Finanzierung. Wir bieten ma\u00dfgeschneiderte Finanzierungsl\u00f6sungen f\u00fcr diese strategischen Verm\u00f6genswerte.<\/p><p><strong>Unsere Finanzierungsangebote:<\/strong><\/p><ul data-spread=\"false\"><li><p>Erwerb und Bau von B\u00fcros und Gesch\u00e4ften<\/p><\/li><li><p>Finanzierung von Coworking Spaces und Einkaufszentren<\/p><\/li><li><p>Unterst\u00fctzung f\u00fcr Unternehmen bei ihrem Bedarf an professionellen R\u00e4umlichkeiten<\/p><\/li><\/ul><h3>\ud83c\udfe0 <strong>Finanzierung Mietobjekt<\/strong><\/h3><p>Wir unterst\u00fctzen Investoren beim Erwerb und der Verwaltung von zur Vermietung vorgesehenen Immobilien.<\/p><p><strong>Unsere Finanzierungsangebote:<\/strong><\/p><ul data-spread=\"false\"><li><p>Investition in m\u00f6blierte Vermietung (LMNP)<\/p><\/li><li><p>Beteiligung an SCPI (Real Estate Investment Companies)<\/p><\/li><li><p>Finanzierung von Studenten- und Seniorenwohnheimen<\/p><\/li><\/ul><h3>\ud83c\udfe1 <strong>Luxusimmobilien<\/strong><\/h3><p>Wir finanzieren den Erwerb au\u00dfergew\u00f6hnlicher Immobilien und High-End-Projekte f\u00fcr Investoren, die sich auf dem Prestigemarkt positionieren m\u00f6chten.<\/p><p><strong>Unsere Finanzierungsangebote:<\/strong><\/p><ul data-spread=\"false\"><li><p>Erwerb von Villen und Prestigeimmobilien<\/p><\/li><li><p>Finanzierung exklusiver Immobilienprojekte<\/p><\/li><li><p>Investition in Luxushotels<\/p><\/li><\/ul><h3>\ud83c\udfd7 <strong>Finanzierung Immobilien Crowdfunding<\/strong><\/h3><p>Wir erm\u00f6glichen Anlegern die Teilnahme an <strong>Immobilienentwicklungsprojekte<\/strong> durch Finanzierungsplattformen und Strukturierung der Mittelbeschaffung.<\/p><p><strong>Unsere Finanzierungsangebote:<\/strong><\/p><ul data-spread=\"false\"><li><p>Crowdfunding von Wohn- oder Gewerbeprogrammen<\/p><\/li><li><p>Unterst\u00fctzung f\u00fcr Immobilienentwickler<\/p><\/li><li><p>Entwicklung von Immobilien-Crowdfunding-Plattformen<\/p><\/li><\/ul><h3>\ud83c\udfda <strong>Stadterneuerung und -sanierung<\/strong><\/h3><p>Wir finanzieren Sanierungsvorhaben, um den Wert alter Immobilien zu steigern und deren Rentabilit\u00e4t zu optimieren.<\/p><p><strong>Unsere Finanzierungsangebote:<\/strong><\/p><ul data-spread=\"false\"><li><p>Sanierung historischer und alter Geb\u00e4ude<\/p><\/li><li><p>Finanzierung von Energiesanierungsarbeiten<\/p><\/li><li><p>Umwandlung von R\u00e4umen in Wohnraum oder Gesch\u00e4fte<\/p><\/li><\/ul><h3>\ud83c\udfe0 <strong>Finanzierung von Coliving und Coworking<\/strong><\/h3><p>Neue Trends am Immobilienmarkt erfordern eine passende Finanzierung. Wir unterst\u00fctzen Investoren in diesen wachstumsstarken Sektoren.<\/p><p><strong>Unsere Finanzierungsangebote:<\/strong><\/p><ul data-spread=\"false\"><li><p>Entwicklung von Coliving-R\u00e4umen<\/p><\/li><li><p>Schaffung und Ausbau von Coworking Spaces<\/p><\/li><li><p>Finanzierung von WGs und neuen Wohnformen<\/p><\/li><\/ul>\t\t\t\t\t\t\t\t<\/div>\n\t\t\t\t<\/div>\n\t\t\t\t\t<\/div>\n\t\t\t\t<\/div>\n\t\t<div class=\"elementor-element elementor-element-1a09db9 e-flex e-con-boxed elementor-invisible e-con e-parent\" data-id=\"1a09db9\" data-element_type=\"container\" data-settings=\"{&quot;background_background&quot;:&quot;classic&quot;,&quot;animation&quot;:&quot;fadeInUp&quot;}\">\n\t\t\t\t\t<div class=\"e-con-inner\">\n\t\t\t\t<div class=\"elementor-element elementor-element-dcd083a elementor-widget elementor-widget-text-editor\" data-id=\"dcd083a\" data-element_type=\"widget\" data-widget_type=\"text-editor.default\">\n\t\t\t\t<div class=\"elementor-widget-container\">\n\t\t\t\t\t\t\t\t\t<h2 data-pm-slice=\"1 1 []\">Sicherheit und Flexibilit\u00e4t unserer Finanzierung<\/h2><p>Wir bieten auf jedes Immobilienprojekt zugeschnittene Finanzierungsl\u00f6sungen mit g\u00fcnstigen Konditionen zur Optimierung der Rentabilit\u00e4t.<\/p><h3><strong>Unsere Finanzierungsl\u00f6sungen:<\/strong><\/h3><p>\u2705 <strong>Eigenheimdarlehen mit g\u00fcnstigen Zinss\u00e4tzen<\/strong> \u2705 <strong>Kreditlinien f\u00fcr Projektentwickler und Investoren<\/strong> \u2705 <strong>Crowdfunding-L\u00f6sungen<\/strong> \u2705 <strong>Unterst\u00fctzung und Beratung zur Leistungsmaximierung<\/strong><\/p>\t\t\t\t\t\t\t\t<\/div>\n\t\t\t\t<\/div>\n\t\t\t\t\t<\/div>\n\t\t\t\t<\/div>\n\t\t<div class=\"elementor-element elementor-element-7f9a000 e-flex e-con-boxed elementor-invisible e-con e-parent\" data-id=\"7f9a000\" data-element_type=\"container\" data-settings=\"{&quot;background_background&quot;:&quot;classic&quot;,&quot;animation&quot;:&quot;fadeInUp&quot;}\">\n\t\t\t\t\t<div class=\"e-con-inner\">\n\t\t\t\t<div class=\"elementor-element elementor-element-af0010e elementor-widget elementor-widget-text-editor\" data-id=\"af0010e\" data-element_type=\"widget\" data-widget_type=\"text-editor.default\">\n\t\t\t\t<div class=\"elementor-widget-container\">\n\t\t\t\t\t\t\t\t\t<h2 data-pm-slice=\"1 3 []\"><span style=\"color: #ffffff;\">Wer kann von unserer Finanzierung profitieren?<\/span><\/h2><h3><span style=\"color: #ffffff;\">Privatpersonen und Privatanleger<\/span><\/h3><ul data-spread=\"false\"><li><p><span style=\"color: #ffffff;\">Erwerb von Erst- und Zweitwohnsitzen<\/span><\/p><\/li><li><p><span style=\"color: #ffffff;\">Finanzierung von Mietprojekten<\/span><\/p><\/li><li><p><span style=\"color: #ffffff;\">Zugang zu SCPI und anderen Immobilienprodukten<\/span><\/p><\/li><\/ul><h3><span style=\"color: #ffffff;\">Veranstalter und Unternehmen<\/span><\/h3><ul data-spread=\"false\"><li><p><span style=\"color: #ffffff;\">Entwicklung von Immobilienprogrammen<\/span><\/p><\/li><li><p><span style=\"color: #ffffff;\">Finanzierung von B\u00fcros und Gewerber\u00e4umen<\/span><\/p><\/li><li><p><span style=\"color: #ffffff;\">Sanierung und Stadtplanung<\/span><\/p><\/li><\/ul>\t\t\t\t\t\t\t\t<\/div>\n\t\t\t\t<\/div>\n\t\t\t\t\t<\/div>\n\t\t\t\t<\/div>\n\t\t<div class=\"elementor-element elementor-element-9751160 e-flex e-con-boxed elementor-invisible e-con e-parent\" data-id=\"9751160\" data-element_type=\"container\" data-settings=\"{&quot;background_background&quot;:&quot;classic&quot;,&quot;animation&quot;:&quot;fadeInUp&quot;}\">\n\t\t\t\t\t<div class=\"e-con-inner\">\n\t\t\t\t<div class=\"elementor-element elementor-element-fbedcbb elementor-widget elementor-widget-text-editor\" data-id=\"fbedcbb\" data-element_type=\"widget\" data-widget_type=\"text-editor.default\">\n\t\t\t\t<div class=\"elementor-widget-container\">\n\t\t\t\t\t\t\t\t\t<h2 data-pm-slice=\"1 1 []\">Warum sollten Sie Ihr Projekt bei uns finanzieren?<\/h2><p>Wir bieten <strong>ma\u00dfgeschneiderte L\u00f6sungen<\/strong> f\u00fcr jedes Immobilienprojekt und garantiert <strong>vorteilhafter Tarif<\/strong> und ein <strong>personalisierte Unterst\u00fctzung<\/strong> um die Rentabilit\u00e4t zu optimieren.<\/p><h3>Unsere Vorteile:<\/h3><p>\u2705 <strong>Zugang zu geeigneten Finanzierungen<\/strong> \u2705 <strong>Flexible und wettbewerbsf\u00e4hige Preise<\/strong> \u2705 <strong>Strategische und rechtliche Unterst\u00fctzung<\/strong> \u2705 <strong>Schneller und vereinfachter Prozess<\/strong><\/p>\t\t\t\t\t\t\t\t<\/div>\n\t\t\t\t<\/div>\n\t\t\t\t\t<\/div>\n\t\t\t\t<\/div>\n\t\t<div class=\"elementor-element elementor-element-88749ff e-flex e-con-boxed elementor-invisible e-con e-parent\" data-id=\"88749ff\" data-element_type=\"container\" data-settings=\"{&quot;background_background&quot;:&quot;classic&quot;,&quot;animation&quot;:&quot;fadeInUp&quot;}\">\n\t\t\t\t\t<div class=\"e-con-inner\">\n\t\t\t\t<div class=\"elementor-element elementor-element-7ac630f elementor-widget elementor-widget-heading\" data-id=\"7ac630f\" data-element_type=\"widget\" data-widget_type=\"heading.default\">\n\t\t\t\t<div class=\"elementor-widget-container\">\n\t\t\t\t\t<h2 class=\"elementor-heading-title elementor-size-default\">Sichern Sie sich noch heute Ihre Finanzierung!<\/h2>\t\t\t\t<\/div>\n\t\t\t\t<\/div>\n\t\t\t\t<div class=\"elementor-element elementor-element-282e83b elementor-widget elementor-widget-text-editor\" data-id=\"282e83b\" data-element_type=\"widget\" data-widget_type=\"text-editor.default\">\n\t\t\t\t<div class=\"elementor-widget-container\">\n\t\t\t\t\t\t\t\t\t<p data-pm-slice=\"1 1 []\">Lassen Sie Ihr Immobilienprojekt mit optimalen Konditionen und ma\u00dfgeschneiderter Betreuung finanzieren.<\/p>\t\t\t\t\t\t\t\t<\/div>\n\t\t\t\t<\/div>\n\t\t\t\t<div class=\"elementor-element elementor-element-243bd4e elementor-align-center elementor-widget elementor-widget-button\" data-id=\"243bd4e\" data-element_type=\"widget\" data-widget_type=\"button.default\">\n\t\t\t\t<div class=\"elementor-widget-container\">\n\t\t\t\t\t\t\t\t\t<div class=\"elementor-button-wrapper\">\n\t\t\t\t\t<a class=\"elementor-button elementor-button-link elementor-size-sm\" href=\"https:\/\/flexifinanz.com\/de\/demander-un-financement\/\">\n\t\t\t\t\t\t<span class=\"elementor-button-content-wrapper\">\n\t\t\t\t\t\t<span class=\"elementor-button-icon\">\n\t\t\t\t<svg aria-hidden=\"true\" class=\"e-font-icon-svg e-fas-arrow-right\" viewbox=\"0 0 448 512\" xmlns=\"http:\/\/www.w3.org\/2000\/svg\"><path d=\"M190.5 66.9l22.2-22.2c9.4-9.4 24.6-9.4 33.9 0L441 239c9.4 9.4 9.4 24.6 0 33.9L246.6 467.3c-9.4 9.4-24.6 9.4-33.9 0l-22.2-22.2c-9.5-9.5-9.3-25 .4-34.3L311.4 296H24c-13.3 0-24-10.7-24-24v-32c0-13.3 10.7-24 24-24h287.4L190.9 101.2c-9.8-9.3-10-24.8-.4-34.3z\"><\/path><\/svg>\t\t\t<\/span>\n\t\t\t\t\t\t\t\t\t<span class=\"elementor-button-text\">F\u00f6rdermittel beantragen<\/span>\n\t\t\t\t\t<\/span>\n\t\t\t\t\t<\/a>\n\t\t\t\t<\/div>\n\t\t\t\t\t\t\t\t<\/div>\n\t\t\t\t<\/div>\n\t\t\t\t\t<\/div>\n\t\t\t\t<\/div>\n\t\t\t\t<\/div>","protected":false},"excerpt":{"rendered":"<p>Pourquoi choisir notre financement immobilier ? Nous sommes un groupe d\u2019investisseurs sp\u00e9cialis\u00e9s dans le financement de projets immobiliers. Que vous soyez un [&hellip;]<\/p>","protected":false},"author":1,"featured_media":930,"parent":192,"menu_order":0,"comment_status":"closed","ping_status":"closed","template":"","meta":{"om_disable_all_campaigns":false,"_monsterinsights_skip_tracking":false,"_monsterinsights_sitenote_active":false,"_monsterinsights_sitenote_note":"","_monsterinsights_sitenote_category":0,"footnotes":""},"class_list":["post-124","page","type-page","status-publish","has-post-thumbnail","hentry"],"aioseo_notices":[],"_links":{"self":[{"href":"https:\/\/flexifinanz.com\/de\/wp-json\/wp\/v2\/pages\/124","targetHints":{"allow":["GET"]}}],"collection":[{"href":"https:\/\/flexifinanz.com\/de\/wp-json\/wp\/v2\/pages"}],"about":[{"href":"https:\/\/flexifinanz.com\/de\/wp-json\/wp\/v2\/types\/page"}],"author":[{"embeddable":true,"href":"https:\/\/flexifinanz.com\/de\/wp-json\/wp\/v2\/users\/1"}],"replies":[{"embeddable":true,"href":"https:\/\/flexifinanz.com\/de\/wp-json\/wp\/v2\/comments?post=124"}],"version-history":[{"count":0,"href":"https:\/\/flexifinanz.com\/de\/wp-json\/wp\/v2\/pages\/124\/revisions"}],"up":[{"embeddable":true,"href":"https:\/\/flexifinanz.com\/de\/wp-json\/wp\/v2\/pages\/192"}],"wp:featuredmedia":[{"embeddable":true,"href":"https:\/\/flexifinanz.com\/de\/wp-json\/wp\/v2\/media\/930"}],"wp:attachment":[{"href":"https:\/\/flexifinanz.com\/de\/wp-json\/wp\/v2\/media?parent=124"}],"curies":[{"name":"wp","href":"https:\/\/api.w.org\/{rel}","templated":true}]}}