{"id":115,"date":"2025-02-20T13:29:50","date_gmt":"2025-02-20T12:29:50","guid":{"rendered":"https:\/\/flexifinanz.com\/?page_id=115"},"modified":"2025-02-25T18:45:36","modified_gmt":"2025-02-25T17:45:36","slug":"in-technologie-und-innovation-investieren","status":"publish","type":"page","link":"https:\/\/flexifinanz.com\/de\/finanzierung-nach-laufzeit\/in-technologie-und-innovation-investieren\/","title":{"rendered":"Finanzierung von Technologie und Innovation: Chancen und Renditen"},"content":{"rendered":"<div data-elementor-type=\"wp-page\" data-elementor-id=\"115\" class=\"elementor elementor-115\" data-elementor-settings=\"{&quot;element_pack_global_tooltip_width&quot;:{&quot;unit&quot;:&quot;px&quot;,&quot;size&quot;:&quot;&quot;,&quot;sizes&quot;:[]},&quot;element_pack_global_tooltip_width_tablet&quot;:{&quot;unit&quot;:&quot;px&quot;,&quot;size&quot;:&quot;&quot;,&quot;sizes&quot;:[]},&quot;element_pack_global_tooltip_width_mobile&quot;:{&quot;unit&quot;:&quot;px&quot;,&quot;size&quot;:&quot;&quot;,&quot;sizes&quot;:[]},&quot;element_pack_global_tooltip_padding&quot;:{&quot;unit&quot;:&quot;px&quot;,&quot;top&quot;:&quot;&quot;,&quot;right&quot;:&quot;&quot;,&quot;bottom&quot;:&quot;&quot;,&quot;left&quot;:&quot;&quot;,&quot;isLinked&quot;:true},&quot;element_pack_global_tooltip_padding_tablet&quot;:{&quot;unit&quot;:&quot;px&quot;,&quot;top&quot;:&quot;&quot;,&quot;right&quot;:&quot;&quot;,&quot;bottom&quot;:&quot;&quot;,&quot;left&quot;:&quot;&quot;,&quot;isLinked&quot;:true},&quot;element_pack_global_tooltip_padding_mobile&quot;:{&quot;unit&quot;:&quot;px&quot;,&quot;top&quot;:&quot;&quot;,&quot;right&quot;:&quot;&quot;,&quot;bottom&quot;:&quot;&quot;,&quot;left&quot;:&quot;&quot;,&quot;isLinked&quot;:true},&quot;element_pack_global_tooltip_border_radius&quot;:{&quot;unit&quot;:&quot;px&quot;,&quot;top&quot;:&quot;&quot;,&quot;right&quot;:&quot;&quot;,&quot;bottom&quot;:&quot;&quot;,&quot;left&quot;:&quot;&quot;,&quot;isLinked&quot;:true},&quot;element_pack_global_tooltip_border_radius_tablet&quot;:{&quot;unit&quot;:&quot;px&quot;,&quot;top&quot;:&quot;&quot;,&quot;right&quot;:&quot;&quot;,&quot;bottom&quot;:&quot;&quot;,&quot;left&quot;:&quot;&quot;,&quot;isLinked&quot;:true},&quot;element_pack_global_tooltip_border_radius_mobile&quot;:{&quot;unit&quot;:&quot;px&quot;,&quot;top&quot;:&quot;&quot;,&quot;right&quot;:&quot;&quot;,&quot;bottom&quot;:&quot;&quot;,&quot;left&quot;:&quot;&quot;,&quot;isLinked&quot;:true}}\" data-elementor-post-type=\"page\">\n\t\t\t\t<div class=\"elementor-element elementor-element-6c74d54 e-flex e-con-boxed e-con e-parent\" data-id=\"6c74d54\" data-element_type=\"container\" data-settings=\"{&quot;background_background&quot;:&quot;classic&quot;}\">\n\t\t\t\t\t<div class=\"e-con-inner\">\n\t\t\t\t<div class=\"elementor-element elementor-element-cfeed54 elementor-widget elementor-widget-text-editor\" data-id=\"cfeed54\" data-element_type=\"widget\" data-widget_type=\"text-editor.default\">\n\t\t\t\t<div class=\"elementor-widget-container\">\n\t\t\t\t\t\t\t\t\t<h2 data-pm-slice=\"1 3 []\">Warum Technologie und Innovation f\u00f6rdern?<\/h2><p>Die Technologiebranche entwickelt sich st\u00e4ndig weiter und ist einer der vielversprechendsten Sektoren f\u00fcr Unternehmer und Unternehmen. Angesichts der stetigen Fortschritte in den Bereichen k\u00fcnstliche Intelligenz, Cybersicherheit, Blockchain und MedTech ergeben sich zahlreiche M\u00f6glichkeiten, Gro\u00dfprojekte zu entwickeln und erhebliche finanzielle Ertr\u00e4ge zu erzielen.<\/p><p>Technologische Innovationen wirken sich auf Unternehmen, Regierungen und Verbraucher gleicherma\u00dfen aus und sind daher ein ideales Bet\u00e4tigungsfeld f\u00fcr Projektleiter, die Innovationen vorantreiben und schnell wachsen m\u00f6chten. Durch unsere Finanzierung erm\u00f6glichen wir Unternehmen den Zugriff auf die Ressourcen, die sie ben\u00f6tigen, um ihre Entwicklung zu beschleunigen und ihre technologischen Ambitionen zu verwirklichen.<\/p><h2>F\u00f6rderm\u00f6glichkeiten im Bereich Technologie und Innovation<\/h2><h3>1. K\u00fcnstliche Intelligenz (KI)<\/h3><p>KI ver\u00e4ndert ganze Branchen, vom Gesundheitswesen \u00fcber die Finanzwelt bis hin zur Fertigung. Unsere Finanzierungsl\u00f6sungen erm\u00f6glichen Unternehmen die Entwicklung und Integration fortschrittlicher KI-Technologien.<\/p><p><strong>Beispiele f\u00fcr Finanzierungen:<\/strong><\/p><ul data-spread=\"false\"><li><p>Startups, die auf maschinelles Lernen und Deep Learning spezialisiert sind<\/p><\/li><li><p>Software zur Prozessautomatisierung (RPA)<\/p><\/li><li><p>KI-Systeme f\u00fcr die Cybersicherheit<\/p><\/li><\/ul><h3>2. Cybersicherheit<\/h3><p>Angesichts der Zunahme von Cyberangriffen ist die digitale Sicherheit f\u00fcr Unternehmen und Regierungen zur obersten Priorit\u00e4t geworden. Wir unterst\u00fctzen Unternehmen bei der Implementierung robuster Cybersicherheitsl\u00f6sungen.<\/p><p><strong>Beispiele f\u00fcr Finanzierungen:<\/strong><\/p><ul data-spread=\"false\"><li><p>Datenschutz- und Authentifizierungsl\u00f6sungen<\/p><\/li><li><p>K\u00fcnstliche Intelligenz zur Erkennung von Cyber-Bedrohungen<\/p><\/li><li><p>Unternehmen zur Analyse und Pr\u00e4vention von Computerangriffen<\/p><\/li><\/ul><h3>3. Blockchain und Kryptow\u00e4hrungen<\/h3><p>Blockchain ist viel mehr als eine Technologie, die Kryptow\u00e4hrungen unterst\u00fctzt; Es erm\u00f6glicht die Schaffung sicherer, transparenter und dezentraler Transaktionssysteme. Wir finanzieren innovative Unternehmen in diesem Bereich.<\/p><p><strong>Beispiele f\u00fcr Finanzierungen:<\/strong><\/p><ul data-spread=\"false\"><li><p>DeFi-Projekte (dezentrale Finanzen)<\/p><\/li><li><p>Kryptow\u00e4hrungs-Austauschplattformen<\/p><\/li><li><p>Unternehmen, die Blockchain-L\u00f6sungen f\u00fcr den Bankensektor entwickeln<\/p><\/li><\/ul><h3>4. FinTech (Finanztechnologien)<\/h3><p>FinTech-Unternehmen modernisieren Bank- und Zahlungsdienste und erleichtern digitale Transaktionen und den Zugang zu Finanzdienstleistungen. Unsere Finanzierung erm\u00f6glicht FinTechs schnelles Wachstum und schnelle Innovationen.<\/p><p><strong>Beispiele f\u00fcr Finanzierungen:<\/strong><\/p><ul data-spread=\"false\"><li><p>Neobanken und digitale Bankdienstleistungen<\/p><\/li><li><p>Kredit- und Crowdfunding-Plattformen<\/p><\/li><li><p>Mobile Zahlungsl\u00f6sungen und E-Wallets<\/p><\/li><\/ul><h3>5. EdTech (Bildungstechnologien)<\/h3><p>Die digitale Bildung boomt mit der Verbreitung von Online-Lernplattformen und interaktiven Lehrmitteln. Wir unterst\u00fctzen Unternehmen, die diesen Sektor revolutionieren.<\/p><p><strong>Beispiele f\u00fcr Finanzierungen:<\/strong><\/p><ul data-spread=\"false\"><li><p>Online-Trainings-Startups und MOOCs<\/p><\/li><li><p>K\u00fcnstliche Intelligenz im Bildungsbereich<\/p><\/li><li><p>Virtual Reality-L\u00f6sungen f\u00fcr den Bildungsbereich<\/p><\/li><\/ul><h3>6. MedTech und Biotechnologie<\/h3><p>Technologische Innovationen im Gesundheitsbereich erm\u00f6glichen eine Verbesserung der Diagnose, der Behandlung und des Managements medizinischer Daten. Wir finanzieren Unternehmen, die diese medizinischen Fortschritte entwickeln.<\/p><p><strong>Beispiele f\u00fcr Finanzierungen:<\/strong><\/p><ul data-spread=\"false\"><li><p>K\u00fcnstliche Intelligenz in der Medizin<\/p><\/li><li><p>Entwicklung vernetzter medizinischer Ger\u00e4te<\/p><\/li><li><p>Biotechnologien f\u00fcr innovative Behandlungen<\/p><\/li><\/ul>\t\t\t\t\t\t\t\t<\/div>\n\t\t\t\t<\/div>\n\t\t\t\t\t<\/div>\n\t\t\t\t<\/div>\n\t\t<div class=\"elementor-element elementor-element-dd4e551 e-flex e-con-boxed elementor-invisible e-con e-parent\" data-id=\"dd4e551\" data-element_type=\"container\" data-settings=\"{&quot;background_background&quot;:&quot;classic&quot;,&quot;animation&quot;:&quot;fadeInUp&quot;}\">\n\t\t\t\t\t<div class=\"e-con-inner\">\n\t\t\t\t<div class=\"elementor-element elementor-element-f87f72a elementor-widget elementor-widget-text-editor\" data-id=\"f87f72a\" data-element_type=\"widget\" data-widget_type=\"text-editor.default\">\n\t\t\t\t<div class=\"elementor-widget-container\">\n\t\t\t\t\t\t\t\t\t<h2 data-pm-slice=\"1 3 []\">Sicherheit und Flexibilit\u00e4t unserer Finanzierung<\/h2><p>Wir verstehen die Herausforderungen der Finanzierung von Technologieprojekten. Deshalb bieten wir L\u00f6sungen an, die auf die Bed\u00fcrfnisse innovativer Unternehmen zugeschnitten sind, mit <strong>wettbewerbsf\u00e4hige Preise und flexible Konditionen<\/strong>.<\/p><h3><strong>Zur Verf\u00fcgung stehende Finanzierungsarten:<\/strong><\/h3><ul data-spread=\"false\"><li><p><strong>Schnelle Finanzierung<\/strong> f\u00fcr den sofortigen Cashflow-Bedarf<\/p><\/li><li><p><strong>Technologie-Kreditlinien<\/strong> Wachstum unterst\u00fctzen<\/p><\/li><li><p><strong>Eigenkapital- oder Risikokapitalinvestition<\/strong><\/p><\/li><\/ul>\t\t\t\t\t\t\t\t<\/div>\n\t\t\t\t<\/div>\n\t\t\t\t\t<\/div>\n\t\t\t\t<\/div>\n\t\t<div class=\"elementor-element elementor-element-41884f1 e-flex e-con-boxed elementor-invisible e-con e-parent\" data-id=\"41884f1\" data-element_type=\"container\" data-settings=\"{&quot;background_background&quot;:&quot;classic&quot;,&quot;animation&quot;:&quot;fadeInUp&quot;}\">\n\t\t\t\t\t<div class=\"e-con-inner\">\n\t\t\t\t<div class=\"elementor-element elementor-element-6277d22 elementor-widget elementor-widget-text-editor\" data-id=\"6277d22\" data-element_type=\"widget\" data-widget_type=\"text-editor.default\">\n\t\t\t\t<div class=\"elementor-widget-container\">\n\t\t\t\t\t\t\t\t\t<h2 data-pm-slice=\"1 3 []\"><span style=\"color: #ffffff;\">Wer kann von unserer Finanzierung profitieren?<\/span><\/h2><h3><span style=\"color: #ffffff;\">Startups und Technologieunternehmen<\/span><\/h3><ul data-spread=\"false\"><li><p><span style=\"color: #ffffff;\">Beschleunigte Produktentwicklung<\/span><\/p><\/li><li><p><span style=\"color: #ffffff;\">Expansion und internationales Wachstum<\/span><\/p><\/li><li><p><span style=\"color: #ffffff;\">St\u00e4rkung der digitalen Infrastruktur<\/span><\/p><\/li><\/ul><h3><span style=\"color: #ffffff;\">Freiberufler und Gro\u00dfunternehmen<\/span><\/h3><ul data-spread=\"false\"><li><p><span style=\"color: #ffffff;\">Modernisierung industrieller Prozesse<\/span><\/p><\/li><li><p><span style=\"color: #ffffff;\">Integration neuer Technologien in bestehende Aktivit\u00e4ten<\/span><\/p><\/li><li><p><span style=\"color: #ffffff;\">Entwicklung von SaaS-L\u00f6sungen und digitalen Plattformen<\/span><\/p><\/li><\/ul>\t\t\t\t\t\t\t\t<\/div>\n\t\t\t\t<\/div>\n\t\t\t\t\t<\/div>\n\t\t\t\t<\/div>\n\t\t<div class=\"elementor-element elementor-element-932598e e-flex e-con-boxed elementor-invisible e-con e-parent\" data-id=\"932598e\" data-element_type=\"container\" data-settings=\"{&quot;background_background&quot;:&quot;classic&quot;,&quot;animation&quot;:&quot;fadeInUp&quot;}\">\n\t\t\t\t\t<div class=\"e-con-inner\">\n\t\t\t\t<div class=\"elementor-element elementor-element-fd19a8f elementor-widget elementor-widget-text-editor\" data-id=\"fd19a8f\" data-element_type=\"widget\" data-widget_type=\"text-editor.default\">\n\t\t\t\t<div class=\"elementor-widget-container\">\n\t\t\t\t\t\t\t\t\t<h2 data-pm-slice=\"1 1 []\">Warum sollten Sie sich f\u00fcr unsere Finanzierungsgruppe entscheiden?<\/h2><p>Wir bieten auf jedes Technologieprojekt zugeschnittene Finanzierungsl\u00f6sungen und garantieren strategische Unterst\u00fctzung und optimale Bedingungen f\u00fcr schnelles Wachstum.<\/p><h3>Unsere Vorteile:<\/h3><p>\u2705 <strong>Zugang zu ma\u00dfgeschneiderten Finanzierungen<\/strong> \u2705 <strong>Wettbewerbsf\u00e4hige und flexible Erstattungss\u00e4tze<\/strong> \u2705 <strong>Strategische Unterst\u00fctzung und Vernetzung mit Experten<\/strong> \u2705 <strong>Vereinfachter und schneller Prozess<\/strong><\/p>\t\t\t\t\t\t\t\t<\/div>\n\t\t\t\t<\/div>\n\t\t\t\t\t<\/div>\n\t\t\t\t<\/div>\n\t\t<div class=\"elementor-element elementor-element-4ddc2db e-flex e-con-boxed elementor-invisible e-con e-parent\" data-id=\"4ddc2db\" data-element_type=\"container\" data-settings=\"{&quot;background_background&quot;:&quot;classic&quot;,&quot;animation&quot;:&quot;fadeInUp&quot;}\">\n\t\t\t\t\t<div class=\"e-con-inner\">\n\t\t\t\t<div class=\"elementor-element elementor-element-2e2cf90 elementor-widget elementor-widget-heading\" data-id=\"2e2cf90\" data-element_type=\"widget\" data-widget_type=\"heading.default\">\n\t\t\t\t<div class=\"elementor-widget-container\">\n\t\t\t\t\t<h2 class=\"elementor-heading-title elementor-size-default\">Sichern Sie sich noch heute Ihre Finanzierung!<\/h2>\t\t\t\t<\/div>\n\t\t\t\t<\/div>\n\t\t\t\t<div class=\"elementor-element elementor-element-5f955b3 elementor-widget elementor-widget-text-editor\" data-id=\"5f955b3\" data-element_type=\"widget\" data-widget_type=\"text-editor.default\">\n\t\t\t\t<div class=\"elementor-widget-container\">\n\t\t\t\t\t\t\t\t\t<p data-pm-slice=\"1 1 []\">Beschleunigen Sie Ihr Technologieprojekt, indem Sie von einer an Ihre Bed\u00fcrfnisse angepassten Finanzierung profitieren.<\/p>\t\t\t\t\t\t\t\t<\/div>\n\t\t\t\t<\/div>\n\t\t\t\t<div class=\"elementor-element elementor-element-9502ba8 elementor-align-center elementor-widget elementor-widget-button\" data-id=\"9502ba8\" data-element_type=\"widget\" data-widget_type=\"button.default\">\n\t\t\t\t<div class=\"elementor-widget-container\">\n\t\t\t\t\t\t\t\t\t<div class=\"elementor-button-wrapper\">\n\t\t\t\t\t<a class=\"elementor-button elementor-button-link elementor-size-sm\" href=\"https:\/\/flexifinanz.com\/de\/demander-un-financement\/\">\n\t\t\t\t\t\t<span class=\"elementor-button-content-wrapper\">\n\t\t\t\t\t\t<span class=\"elementor-button-icon\">\n\t\t\t\t<svg aria-hidden=\"true\" class=\"e-font-icon-svg e-fas-arrow-right\" viewbox=\"0 0 448 512\" xmlns=\"http:\/\/www.w3.org\/2000\/svg\"><path d=\"M190.5 66.9l22.2-22.2c9.4-9.4 24.6-9.4 33.9 0L441 239c9.4 9.4 9.4 24.6 0 33.9L246.6 467.3c-9.4 9.4-24.6 9.4-33.9 0l-22.2-22.2c-9.5-9.5-9.3-25 .4-34.3L311.4 296H24c-13.3 0-24-10.7-24-24v-32c0-13.3 10.7-24 24-24h287.4L190.9 101.2c-9.8-9.3-10-24.8-.4-34.3z\"><\/path><\/svg>\t\t\t<\/span>\n\t\t\t\t\t\t\t\t\t<span class=\"elementor-button-text\">F\u00f6rdermittel beantragen<\/span>\n\t\t\t\t\t<\/span>\n\t\t\t\t\t<\/a>\n\t\t\t\t<\/div>\n\t\t\t\t\t\t\t\t<\/div>\n\t\t\t\t<\/div>\n\t\t\t\t\t<\/div>\n\t\t\t\t<\/div>\n\t\t\t\t<\/div>","protected":false},"excerpt":{"rendered":"<p>Pourquoi financer la technologie et l&rsquo;innovation ? L&rsquo;industrie technologique est en perp\u00e9tuelle \u00e9volution et constitue l&rsquo;un des secteurs les plus porteurs pour [&hellip;]<\/p>","protected":false},"author":1,"featured_media":329,"parent":192,"menu_order":0,"comment_status":"closed","ping_status":"closed","template":"","meta":{"om_disable_all_campaigns":false,"_monsterinsights_skip_tracking":false,"_monsterinsights_sitenote_active":false,"_monsterinsights_sitenote_note":"","_monsterinsights_sitenote_category":0,"footnotes":""},"class_list":["post-115","page","type-page","status-publish","has-post-thumbnail","hentry"],"aioseo_notices":[],"_links":{"self":[{"href":"https:\/\/flexifinanz.com\/de\/wp-json\/wp\/v2\/pages\/115","targetHints":{"allow":["GET"]}}],"collection":[{"href":"https:\/\/flexifinanz.com\/de\/wp-json\/wp\/v2\/pages"}],"about":[{"href":"https:\/\/flexifinanz.com\/de\/wp-json\/wp\/v2\/types\/page"}],"author":[{"embeddable":true,"href":"https:\/\/flexifinanz.com\/de\/wp-json\/wp\/v2\/users\/1"}],"replies":[{"embeddable":true,"href":"https:\/\/flexifinanz.com\/de\/wp-json\/wp\/v2\/comments?post=115"}],"version-history":[{"count":0,"href":"https:\/\/flexifinanz.com\/de\/wp-json\/wp\/v2\/pages\/115\/revisions"}],"up":[{"embeddable":true,"href":"https:\/\/flexifinanz.com\/de\/wp-json\/wp\/v2\/pages\/192"}],"wp:featuredmedia":[{"embeddable":true,"href":"https:\/\/flexifinanz.com\/de\/wp-json\/wp\/v2\/media\/329"}],"wp:attachment":[{"href":"https:\/\/flexifinanz.com\/de\/wp-json\/wp\/v2\/media?parent=115"}],"curies":[{"name":"wp","href":"https:\/\/api.w.org\/{rel}","templated":true}]}}